{"id":13180,"date":"2026-03-05T08:36:10","date_gmt":"2026-03-05T07:36:10","guid":{"rendered":"https:\/\/epic.es\/gracies-per-la-resposta\/"},"modified":"2026-03-17T10:39:20","modified_gmt":"2026-03-17T09:39:20","slug":"gracies-per-la-resposta","status":"publish","type":"page","link":"https:\/\/epic.es\/ca\/gracies-per-la-resposta\/","title":{"rendered":"Gr\u00e0cies per la resposta"},"content":{"rendered":"\t\t<div data-elementor-type=\"wp-page\" data-elementor-id=\"13180\" class=\"elementor elementor-13180\">\n\t\t\t\t<div class=\"elementor-element elementor-element-083ff7e e-flex e-con-boxed e-con e-parent\" data-id=\"083ff7e\" data-element_type=\"container\" data-e-type=\"container\">\n\t\t\t\t\t<div class=\"e-con-inner\">\n\t\t\t\t<div class=\"elementor-element elementor-element-9098fb2 elementor-widget elementor-widget-shortcode\" data-id=\"9098fb2\" data-element_type=\"widget\" data-e-type=\"widget\" data-widget_type=\"shortcode.default\">\n\t\t\t\t<div class=\"elementor-widget-container\">\n\t\t\t\t\t\t\t<div class=\"elementor-shortcode\"><div class='fluentform ff-default fluentform_wrapper_3 ffs_default_wrap'><form data-form_id=\"3\" id=\"fluentform_3\" class=\"frm-fluent-form fluent_form_3 ff-el-form-top ff_form_instance_3_1 ff-form-loading ffs_default\" data-form_instance=\"ff_form_instance_3_1\" method=\"POST\" ><fieldset  style=\"border: none!important;margin: 0!important;padding: 0!important;background-color: transparent!important;box-shadow: none!important;outline: none!important; min-inline-size: 100%;\">\n                    <legend class=\"ff_screen_reader_title\" style=\"display: block; margin: 0!important;padding: 0!important;height: 0!important;text-indent: -999999px;width: 0!important;overflow:hidden;\">Blank Form (#3)<\/legend><input type='hidden' name='__fluent_form_embded_post_id' value='13180' \/><input type=\"hidden\" id=\"_fluentform_3_fluentformnonce\" name=\"_fluentform_3_fluentformnonce\" value=\"c722facfb1\" \/><input type=\"hidden\" name=\"_wp_http_referer\" value=\"\/ca\/wp-json\/wp\/v2\/pages\/13180\" \/><div class='ff-el-group'><div class=\"ff-el-input--label ff-el-is-required asterisk-right\"><label for='ff_3_dropdown' id='label_ff_3_dropdown' aria-label=\"A quin servei fa refer\u00e8ncia la teva valoraci\u00f3?\">A quin servei fa refer\u00e8ncia la teva valoraci\u00f3?<\/label><\/div><div class='ff-el-input--content'><select name=\"dropdown\" id=\"ff_3_dropdown\" class=\"ff-el-form-control\" data-name=\"dropdown\" data-calc_value=\"0\"  aria-invalid=\"false\" aria-required=\"true\" aria-labelledby=\"label_ff_3_dropdown\"><option value=\"\">Manteniment i Suport T\u00e8cnic<\/option><option value=\"Desenvolupament de Software \/ Web\"  >Desenvolupament de Software \/ Web<\/option><option value=\"Ciberseguretat o Xarxes\"  >Ciberseguretat o Xarxes<\/option><option value=\"Facturaci\u00f3 i Administraci\u00f3\"  >Facturaci\u00f3 i Administraci\u00f3<\/option><option value=\"Altres\"  >Altres<\/option><\/select><\/div><\/div><div class='ff-el-group'><div class=\"ff-el-input--label ff-el-is-required asterisk-right\"><label for='ff_3_dropdown_1' id='label_ff_3_dropdown_1' aria-label=\"Recomanaries els nostres serveis?\">Recomanaries els nostres serveis?<\/label><\/div><div class='ff-el-input--content'><select name=\"dropdown_1\" id=\"ff_3_dropdown_1\" class=\"ff-el-form-control\" data-name=\"dropdown_1\" data-calc_value=\"0\"  aria-invalid=\"false\" aria-required=\"true\" aria-labelledby=\"label_ff_3_dropdown_1\"><option value=\"\">Quin aspecte no ha estat a l'altura de les teves expectatives?<\/option><option value=\"Temps de resposta massa lent\"  >Temps de resposta massa lent<\/option><option value=\"La soluci\u00f3 t\u00e8cnica no va funcionar b\u00e9\"  >La soluci\u00f3 t\u00e8cnica no va funcionar b\u00e9<\/option><option value=\"El tracte o la comunicaci\u00f3 de l&#039;equip\"  >El tracte o la comunicaci\u00f3 de l'equip<\/option><option value=\"Altres\"  >Altres<\/option><\/select><\/div><\/div><div class='ff-el-group'><div class=\"ff-el-input--label asterisk-right\"><label for='ff_3_input_text' id='label_ff_3_input_text' aria-label=\"Qu\u00e8 podr\u00edem millorar?\">Qu\u00e8 podr\u00edem millorar?<\/label><\/div><div class='ff-el-input--content'><input type=\"text\" name=\"input_text\" class=\"ff-el-form-control\" placeholder=\"Explica&#039;ns la teva experi\u00e8ncia de forma totalment an\u00f2nima. Qu\u00e8 ha fallat o qu\u00e8 podr\u00edem fer diferent?\" data-name=\"input_text\" id=\"ff_3_input_text\"  aria-invalid=\"false\" aria-required=false><\/div><\/div><div class='ff-el-group ff-text-center ff_submit_btn_wrapper'><button type=\"submit\" class=\"ff-btn ff-btn-submit ff-btn-md ff_btn_style\"  aria-label=\"Enviar formulari\">Enviar formulari<\/button><\/div><\/fieldset><\/form><div id='fluentform_3_errors' class='ff-errors-in-stack ff_form_instance_3_1 ff-form-loading_errors ff_form_instance_3_1_errors'><\/div><\/div>            <script type=\"text\/javascript\">\n                window.fluent_form_ff_form_instance_3_1 = {\"id\":\"3\",\"settings\":{\"layout\":{\"labelPlacement\":\"top\",\"asteriskPlacement\":\"asterisk-right\",\"helpMessagePlacement\":\"with_label\",\"errorMessagePlacement\":\"inline\",\"cssClassName\":\"\"},\"restrictions\":{\"denyEmptySubmission\":{\"enabled\":false}}},\"form_instance\":\"ff_form_instance_3_1\",\"form_id_selector\":\"fluentform_3\",\"rules\":{\"dropdown\":{\"required\":{\"value\":true,\"message\":\"This field is required\",\"global_message\":\"Este campo es obligatorio\",\"global\":true}},\"dropdown_1\":{\"required\":{\"value\":true,\"message\":\"This field is required\",\"global_message\":\"Este campo es obligatorio\",\"global\":true}},\"input_text\":{\"required\":{\"value\":false,\"message\":\"This field is required\",\"global_message\":\"Este campo es obligatorio\",\"global\":true}}},\"debounce_time\":300};\n                            <\/script>\n            <\/div>\n\t\t\t\t\t\t<\/div>\n\t\t\t\t<\/div>\n\t\t\t\t\t<\/div>\n\t\t\t\t<\/div>\n\t\t\t\t<\/div>\n\t\t","protected":false},"excerpt":{"rendered":"","protected":false},"author":1,"featured_media":0,"parent":0,"menu_order":0,"comment_status":"closed","ping_status":"closed","template":"","meta":{"footnotes":""},"class_list":["post-13180","page","type-page","status-publish","hentry"],"yoast_head":"<!-- This site is optimized with the Yoast SEO plugin v27.1.1 - https:\/\/yoast.com\/product\/yoast-seo-wordpress\/ -->\n<title>Gr\u00e0cies per la resposta - Epic<\/title>\n<meta name=\"robots\" content=\"index, follow, max-snippet:-1, max-image-preview:large, max-video-preview:-1\" \/>\n<link rel=\"canonical\" href=\"https:\/\/epic.es\/ca\/gracies-per-la-resposta\/\" \/>\n<meta property=\"og:locale\" content=\"ca_ES\" \/>\n<meta property=\"og:type\" content=\"article\" \/>\n<meta property=\"og:title\" content=\"Gr\u00e0cies per la resposta - Epic\" \/>\n<meta property=\"og:url\" content=\"https:\/\/epic.es\/ca\/gracies-per-la-resposta\/\" \/>\n<meta property=\"og:site_name\" content=\"Epic\" \/>\n<meta property=\"article:modified_time\" content=\"2026-03-17T09:39:20+00:00\" \/>\n<meta name=\"twitter:card\" content=\"summary_large_image\" \/>\n<script type=\"application\/ld+json\" class=\"yoast-schema-graph\">{\"@context\":\"https:\/\/schema.org\",\"@graph\":[{\"@type\":\"WebPage\",\"@id\":\"https:\/\/epic.es\/ca\/gracies-per-la-resposta\/\",\"url\":\"https:\/\/epic.es\/ca\/gracies-per-la-resposta\/\",\"name\":\"Gr\u00e0cies per la resposta - Epic\",\"isPartOf\":{\"@id\":\"https:\/\/epic.es\/#website\"},\"datePublished\":\"2026-03-05T07:36:10+00:00\",\"dateModified\":\"2026-03-17T09:39:20+00:00\",\"breadcrumb\":{\"@id\":\"https:\/\/epic.es\/ca\/gracies-per-la-resposta\/#breadcrumb\"},\"inLanguage\":\"ca\",\"potentialAction\":[{\"@type\":\"ReadAction\",\"target\":[\"https:\/\/epic.es\/ca\/gracies-per-la-resposta\/\"]}]},{\"@type\":\"BreadcrumbList\",\"@id\":\"https:\/\/epic.es\/ca\/gracies-per-la-resposta\/#breadcrumb\",\"itemListElement\":[{\"@type\":\"ListItem\",\"position\":1,\"name\":\"Home\",\"item\":\"https:\/\/epic.es\/ca\/\"},{\"@type\":\"ListItem\",\"position\":2,\"name\":\"Gr\u00e0cies per la resposta\"}]},{\"@type\":\"WebSite\",\"@id\":\"https:\/\/epic.es\/#website\",\"url\":\"https:\/\/epic.es\/\",\"name\":\"Epic Inform\u00e0tica\",\"description\":\"Dise\u00f1o y Programaci\u00f3n web \u00b7 Realizamos todo tipo de dise\u00f1o y programaci\u00f3n web completamente a medida, webs corporativas, cms, tiendas on-line, hosting etc.\",\"publisher\":{\"@id\":\"https:\/\/epic.es\/#organization\"},\"potentialAction\":[{\"@type\":\"SearchAction\",\"target\":{\"@type\":\"EntryPoint\",\"urlTemplate\":\"https:\/\/epic.es\/?s={search_term_string}\"},\"query-input\":{\"@type\":\"PropertyValueSpecification\",\"valueRequired\":true,\"valueName\":\"search_term_string\"}}],\"inLanguage\":\"ca\"},{\"@type\":\"Organization\",\"@id\":\"https:\/\/epic.es\/#organization\",\"name\":\"Epic Solutions\",\"url\":\"https:\/\/epic.es\/\",\"logo\":{\"@type\":\"ImageObject\",\"inLanguage\":\"ca\",\"@id\":\"https:\/\/epic.es\/#\/schema\/logo\/image\/\",\"url\":\"https:\/\/epic.es\/wp-content\/uploads\/2025\/02\/epic-white.png\",\"contentUrl\":\"https:\/\/epic.es\/wp-content\/uploads\/2025\/02\/epic-white.png\",\"width\":435,\"height\":165,\"caption\":\"Epic Solutions\"},\"image\":{\"@id\":\"https:\/\/epic.es\/#\/schema\/logo\/image\/\"},\"sameAs\":[\"https:\/\/www.linkedin.com\/company\/epictelecom\/\"]}]}<\/script>\n<!-- \/ Yoast SEO plugin. -->","yoast_head_json":{"title":"Gr\u00e0cies per la resposta - Epic","robots":{"index":"index","follow":"follow","max-snippet":"max-snippet:-1","max-image-preview":"max-image-preview:large","max-video-preview":"max-video-preview:-1"},"canonical":"https:\/\/epic.es\/ca\/gracies-per-la-resposta\/","og_locale":"ca_ES","og_type":"article","og_title":"Gr\u00e0cies per la resposta - Epic","og_url":"https:\/\/epic.es\/ca\/gracies-per-la-resposta\/","og_site_name":"Epic","article_modified_time":"2026-03-17T09:39:20+00:00","twitter_card":"summary_large_image","schema":{"@context":"https:\/\/schema.org","@graph":[{"@type":"WebPage","@id":"https:\/\/epic.es\/ca\/gracies-per-la-resposta\/","url":"https:\/\/epic.es\/ca\/gracies-per-la-resposta\/","name":"Gr\u00e0cies per la resposta - Epic","isPartOf":{"@id":"https:\/\/epic.es\/#website"},"datePublished":"2026-03-05T07:36:10+00:00","dateModified":"2026-03-17T09:39:20+00:00","breadcrumb":{"@id":"https:\/\/epic.es\/ca\/gracies-per-la-resposta\/#breadcrumb"},"inLanguage":"ca","potentialAction":[{"@type":"ReadAction","target":["https:\/\/epic.es\/ca\/gracies-per-la-resposta\/"]}]},{"@type":"BreadcrumbList","@id":"https:\/\/epic.es\/ca\/gracies-per-la-resposta\/#breadcrumb","itemListElement":[{"@type":"ListItem","position":1,"name":"Home","item":"https:\/\/epic.es\/ca\/"},{"@type":"ListItem","position":2,"name":"Gr\u00e0cies per la resposta"}]},{"@type":"WebSite","@id":"https:\/\/epic.es\/#website","url":"https:\/\/epic.es\/","name":"Epic Inform\u00e0tica","description":"Dise\u00f1o y Programaci\u00f3n web \u00b7 Realizamos todo tipo de dise\u00f1o y programaci\u00f3n web completamente a medida, webs corporativas, cms, tiendas on-line, hosting etc.","publisher":{"@id":"https:\/\/epic.es\/#organization"},"potentialAction":[{"@type":"SearchAction","target":{"@type":"EntryPoint","urlTemplate":"https:\/\/epic.es\/?s={search_term_string}"},"query-input":{"@type":"PropertyValueSpecification","valueRequired":true,"valueName":"search_term_string"}}],"inLanguage":"ca"},{"@type":"Organization","@id":"https:\/\/epic.es\/#organization","name":"Epic Solutions","url":"https:\/\/epic.es\/","logo":{"@type":"ImageObject","inLanguage":"ca","@id":"https:\/\/epic.es\/#\/schema\/logo\/image\/","url":"https:\/\/epic.es\/wp-content\/uploads\/2025\/02\/epic-white.png","contentUrl":"https:\/\/epic.es\/wp-content\/uploads\/2025\/02\/epic-white.png","width":435,"height":165,"caption":"Epic Solutions"},"image":{"@id":"https:\/\/epic.es\/#\/schema\/logo\/image\/"},"sameAs":["https:\/\/www.linkedin.com\/company\/epictelecom\/"]}]}},"_links":{"self":[{"href":"https:\/\/epic.es\/ca\/wp-json\/wp\/v2\/pages\/13180","targetHints":{"allow":["GET"]}}],"collection":[{"href":"https:\/\/epic.es\/ca\/wp-json\/wp\/v2\/pages"}],"about":[{"href":"https:\/\/epic.es\/ca\/wp-json\/wp\/v2\/types\/page"}],"author":[{"embeddable":true,"href":"https:\/\/epic.es\/ca\/wp-json\/wp\/v2\/users\/1"}],"replies":[{"embeddable":true,"href":"https:\/\/epic.es\/ca\/wp-json\/wp\/v2\/comments?post=13180"}],"version-history":[{"count":10,"href":"https:\/\/epic.es\/ca\/wp-json\/wp\/v2\/pages\/13180\/revisions"}],"predecessor-version":[{"id":13467,"href":"https:\/\/epic.es\/ca\/wp-json\/wp\/v2\/pages\/13180\/revisions\/13467"}],"wp:attachment":[{"href":"https:\/\/epic.es\/ca\/wp-json\/wp\/v2\/media?parent=13180"}],"curies":[{"name":"wp","href":"https:\/\/api.w.org\/{rel}","templated":true}]}}