{"id":13182,"date":"2025-11-13T12:47:08","date_gmt":"2025-11-13T11:47:08","guid":{"rendered":"https:\/\/epic.es\/buscas-ayuda-sobrefortnite-o-epic-games\/"},"modified":"2026-03-13T07:57:43","modified_gmt":"2026-03-13T06:57:43","slug":"busques-ajuda-sobre-fortnite-o-epic-games","status":"publish","type":"page","link":"https:\/\/epic.es\/ca\/busques-ajuda-sobre-fortnite-o-epic-games\/","title":{"rendered":"Busques ajuda sobre Fortnite o Epic Games?"},"content":{"rendered":"\t\t<div data-elementor-type=\"wp-page\" data-elementor-id=\"13182\" class=\"elementor elementor-13182\">\n\t\t\t\t<div class=\"elementor-element elementor-element-308111e e-flex e-con-boxed e-con e-parent\" data-id=\"308111e\" data-element_type=\"container\" data-e-type=\"container\">\n\t\t\t\t\t<div class=\"e-con-inner\">\n\t\t\t\t<div class=\"elementor-element elementor-element-36bc7f9 elementor-widget elementor-widget-heading\" data-id=\"36bc7f9\" data-element_type=\"widget\" data-e-type=\"widget\" data-widget_type=\"heading.default\">\n\t\t\t\t<div class=\"elementor-widget-container\">\n\t\t\t\t\t<h2 class=\"elementor-heading-title elementor-size-default\"><div aria-live=\"polite\" dir=\"ltr\" style=\"--animation-duration: 400ms;--fade-animation-function: linear;clear: none;columns: auto;cursor: auto;direction: ltr;filter: none;flex: 0 1 auto;float: none;gap: normal;margin-right: 0px;margin-bottom: 0px;margin-left: 0px;opacity: 1;padding: 0px;position: static;margin-top: 0px !important;, sans-serif !important;line-height: 1.15 !important\"><p data-path-to-node=\"0\" style=\"clear: none;columns: auto;cursor: auto;direction: ltr;filter: none;flex: 0 1 auto;float: none;gap: normal;margin-bottom: 16px;opacity: 1;padding: 0px;position: static;line-height: 1.15 !important\">Busques ajuda sobre Fortnite o Epic Games?<span style=\"font-family: Montserrat, sans-serif\"><\/span><\/p><\/div><\/h2>\t\t\t\t<\/div>\n\t\t\t\t<\/div>\n\t\t\t\t<div class=\"elementor-element elementor-element-3c8795c elementor-widget elementor-widget-text-editor\" data-id=\"3c8795c\" data-element_type=\"widget\" data-e-type=\"widget\" data-widget_type=\"text-editor.default\">\n\t\t\t\t<div class=\"elementor-widget-container\">\n\t\t\t\t\t\t\t\t\t<div lang=\"ca-ES\"><p>Aix\u00f2 \u00e9s<b> Epic Solutions<\/b>, experts en tecnologia i solucions per a empreses.<\/p><\/div><p><b>NI TENIM CAP MENA DE RELACI\u00d3 AMB FORTNITE O AMB QUALSEVOL PRODUCTE RELACIONAT<\/b><\/p>\t\t\t\t\t\t\t\t<\/div>\n\t\t\t\t<\/div>\n\t\t\t\t<div class=\"elementor-element elementor-element-aeabd78 elementor-align-center elementor-widget elementor-widget-ibutton\" data-id=\"aeabd78\" data-element_type=\"widget\" data-e-type=\"widget\" data-widget_type=\"ibutton.default\">\n\t\t\t\t<div class=\"elementor-widget-container\">\n\t\t\t\t\t\t\t<div class=\"ot-button\">\r\n\t\t\t<a href=\"https:\/\/epic.es\/\" class=\"octf-btn octf-btn-primary\">Coneix\nEPIC SOLUTIONS<\/a>\r\n\t    <\/div>\r\n\t    \t\t\t\t<\/div>\n\t\t\t\t<\/div>\n\t\t\t\t<div class=\"elementor-element elementor-element-dd6ed3c elementor-widget elementor-widget-image\" data-id=\"dd6ed3c\" data-element_type=\"widget\" data-e-type=\"widget\" data-widget_type=\"image.default\">\n\t\t\t\t<div class=\"elementor-widget-container\">\n\t\t\t\t\t\t\t\t\t\t\t\t\t\t\t<img fetchpriority=\"high\" decoding=\"async\" width=\"435\" height=\"165\" src=\"https:\/\/epic.es\/wp-content\/uploads\/2025\/03\/epic-white.webp\" class=\"attachment-large size-large wp-image-6232\" alt=\"Logo epic\" srcset=\"https:\/\/epic.es\/wp-content\/uploads\/2025\/03\/epic-white.webp 435w, https:\/\/epic.es\/wp-content\/uploads\/2025\/03\/epic-white-300x114.webp 300w\" sizes=\"(max-width: 435px) 100vw, 435px\" \/>\t\t\t\t\t\t\t\t\t\t\t\t\t\t\t<\/div>\n\t\t\t\t<\/div>\n\t\t\t\t\t<\/div>\n\t\t\t\t<\/div>\n\t\t<div class=\"elementor-element elementor-element-57e4476 e-flex e-con-boxed e-con e-parent\" data-id=\"57e4476\" data-element_type=\"container\" data-e-type=\"container\">\n\t\t\t\t\t<div class=\"e-con-inner\">\n\t\t\t\t<div class=\"elementor-element elementor-element-8a0e103 elementor-widget elementor-widget-heading\" data-id=\"8a0e103\" data-element_type=\"widget\" data-e-type=\"widget\" data-widget_type=\"heading.default\">\n\t\t\t\t<div class=\"elementor-widget-container\">\n\t\t\t\t\t<h2 class=\"elementor-heading-title elementor-size-default\">CONTACTA AMB EPIC GAMES<\/h2>\t\t\t\t<\/div>\n\t\t\t\t<\/div>\n\t\t\t\t<div class=\"elementor-element elementor-element-26d2fd0 elementor-align-center elementor-widget elementor-widget-ibutton\" data-id=\"26d2fd0\" data-element_type=\"widget\" data-e-type=\"widget\" data-widget_type=\"ibutton.default\">\n\t\t\t\t<div class=\"elementor-widget-container\">\n\t\t\t\t\t\t\t<div class=\"ot-button\">\r\n\t\t\t<a href=\"https:\/\/www.epicgames.com\/help\/es-ES\/technical-support-c-202300000001619\/general-support-c-202300000001672\/como-contactar-a-la-asistencia-de-epic-games-a202300000014145\" class=\"octf-btn octf-btn-primary\">Truca a Epic Games<\/a>\r\n\t    <\/div>\r\n\t    \t\t\t\t<\/div>\n\t\t\t\t<\/div>\n\t\t\t\t<div class=\"elementor-element elementor-element-9fc43a7 elementor-align-center elementor-widget elementor-widget-ibutton\" data-id=\"9fc43a7\" data-element_type=\"widget\" data-e-type=\"widget\" data-widget_type=\"ibutton.default\">\n\t\t\t\t<div class=\"elementor-widget-container\">\n\t\t\t\t\t\t\t<div class=\"ot-button\">\r\n\t\t\t<a href=\"https:\/\/www.epicgames.com\/site\/es-ES\/home\" class=\"octf-btn octf-btn-primary\">Web Epic Games <\/a>\r\n\t    <\/div>\r\n\t    \t\t\t\t<\/div>\n\t\t\t\t<\/div>\n\t\t\t\t\t<\/div>\n\t\t\t\t<\/div>\n\t\t<div class=\"elementor-element elementor-element-d6d3eb9 e-flex e-con-boxed e-con e-parent\" data-id=\"d6d3eb9\" data-element_type=\"container\" data-e-type=\"container\">\n\t\t\t\t\t<div class=\"e-con-inner\">\n\t\t\t\t<div class=\"elementor-element elementor-element-5cc173a elementor-widget elementor-widget-heading\" data-id=\"5cc173a\" data-element_type=\"widget\" data-e-type=\"widget\" data-widget_type=\"heading.default\">\n\t\t\t\t<div class=\"elementor-widget-container\">\n\t\t\t\t\t<h2 class=\"elementor-heading-title elementor-size-default\"><div aria-live=\"polite\" dir=\"ltr\" style=\"--animation-duration: 400ms;--fade-animation-function: linear;clear: none;columns: auto;cursor: auto;direction: ltr;filter: none;flex: 0 1 auto;float: none;gap: normal;margin-right: 0px;margin-bottom: 0px;margin-left: 0px;opacity: 1;padding: 0px;position: static;margin-top: 0px !important;, sans-serif !important;line-height: 1.15 !important\"><p data-path-to-node=\"0\" style=\"clear: none;columns: auto;cursor: auto;direction: ltr;filter: none;flex: 0 1 auto;float: none;gap: normal;margin-bottom: 16px;opacity: 1;padding: 0px;position: static;line-height: 1.15 !important\">QU\u00c8 OFERIM?<span style=\"font-family: Montserrat, sans-serif\"><\/span><\/p><\/div><\/h2>\t\t\t\t<\/div>\n\t\t\t\t<\/div>\n\t\t\t\t\t<\/div>\n\t\t\t\t<\/div>\n\t\t<div class=\"elementor-element elementor-element-3b25dd4 e-grid e-con-boxed e-con e-parent\" data-id=\"3b25dd4\" data-element_type=\"container\" data-e-type=\"container\">\n\t\t\t\t\t<div class=\"e-con-inner\">\n\t\t\t\t<div class=\"elementor-element elementor-element-3aba03e ot-view-default ot-position-top elementor-widget elementor-widget-ot-iconbox-normal\" data-id=\"3aba03e\" data-element_type=\"widget\" data-e-type=\"widget\" data-widget_type=\"ot-iconbox-normal.default\">\n\t\t\t\t<div class=\"elementor-widget-container\">\n\t\t\t\t\t\t\t<div class=\"ot-icon-box box-content\">\r\n\t\t\t\t\t\t<div class=\"ot-icon-box__icon\">\r\n\t\t\t\t<svg aria-hidden=\"true\" class=\"e-font-icon-svg e-fas-cloud\" viewBox=\"0 0 640 512\" xmlns=\"http:\/\/www.w3.org\/2000\/svg\"><path d=\"M537.6 226.6c4.1-10.7 6.4-22.4 6.4-34.6 0-53-43-96-96-96-19.7 0-38.1 6-53.3 16.2C367 64.2 315.3 32 256 32c-88.4 0-160 71.6-160 160 0 2.7.1 5.4.2 8.1C40.2 219.8 0 273.2 0 336c0 79.5 64.5 144 144 144h368c70.7 0 128-57.3 128-128 0-61.9-44-113.6-102.4-125.4z\"><\/path><\/svg>\t        <\/div>\r\n\t        \t        <div class=\"ot-icon-box__content\">\r\n\t        \t<h3 class=\"icon-box-title\">Conectivitat<\/h3>\t\t\t\t<p class=\"icon-box-des\">Solucions d'internet i telefonia per a empreses<\/p>\t\t\t\t\t\t\t<\/div>\t\r\n\t    <\/div>\r\n\t    \t\t\t\t<\/div>\n\t\t\t\t<\/div>\n\t\t\t\t<div class=\"elementor-element elementor-element-eae4ff5 ot-view-default ot-position-top elementor-widget elementor-widget-ot-iconbox-normal\" data-id=\"eae4ff5\" data-element_type=\"widget\" data-e-type=\"widget\" data-widget_type=\"ot-iconbox-normal.default\">\n\t\t\t\t<div class=\"elementor-widget-container\">\n\t\t\t\t\t\t\t<div class=\"ot-icon-box box-content\">\r\n\t\t\t\t\t\t<div class=\"ot-icon-box__icon\">\r\n\t\t\t\t<svg aria-hidden=\"true\" class=\"e-font-icon-svg e-fas-tools\" viewBox=\"0 0 512 512\" xmlns=\"http:\/\/www.w3.org\/2000\/svg\"><path d=\"M501.1 395.7L384 278.6c-23.1-23.1-57.6-27.6-85.4-13.9L192 158.1V96L64 0 0 64l96 128h62.1l106.6 106.6c-13.6 27.8-9.2 62.3 13.9 85.4l117.1 117.1c14.6 14.6 38.2 14.6 52.7 0l52.7-52.7c14.5-14.6 14.5-38.2 0-52.7zM331.7 225c28.3 0 54.9 11 74.9 31l19.4 19.4c15.8-6.9 30.8-16.5 43.8-29.5 37.1-37.1 49.7-89.3 37.9-136.7-2.2-9-13.5-12.1-20.1-5.5l-74.4 74.4-67.9-11.3L334 98.9l74.4-74.4c6.6-6.6 3.4-17.9-5.7-20.2-47.4-11.7-99.6.9-136.6 37.9-28.5 28.5-41.9 66.1-41.2 103.6l82.1 82.1c8.1-1.9 16.5-2.9 24.7-2.9zm-103.9 82l-56.7-56.7L18.7 402.8c-25 25-25 65.5 0 90.5s65.5 25 90.5 0l123.6-123.6c-7.6-19.9-9.9-41.6-5-62.7zM64 472c-13.2 0-24-10.8-24-24 0-13.3 10.7-24 24-24s24 10.7 24 24c0 13.2-10.7 24-24 24z\"><\/path><\/svg>\t        <\/div>\r\n\t        \t        <div class=\"ot-icon-box__content\">\r\n\t        \t<h3 class=\"icon-box-title\">Manteniment IT<\/h3>\t\t\t\t<p class=\"icon-box-des\">Manteniment i assist\u00e8ncia t\u00e8cnica.<\/p>\t\t\t\t\t\t\t<\/div>\t\r\n\t    <\/div>\r\n\t    \t\t\t\t<\/div>\n\t\t\t\t<\/div>\n\t\t\t\t<div class=\"elementor-element elementor-element-e7904d4 ot-view-default ot-position-top elementor-widget elementor-widget-ot-iconbox-normal\" data-id=\"e7904d4\" data-element_type=\"widget\" data-e-type=\"widget\" data-widget_type=\"ot-iconbox-normal.default\">\n\t\t\t\t<div class=\"elementor-widget-container\">\n\t\t\t\t\t\t\t<div class=\"ot-icon-box box-content\">\r\n\t\t\t\t\t\t<div class=\"ot-icon-box__icon\">\r\n\t\t\t\t<svg aria-hidden=\"true\" class=\"e-font-icon-svg e-fas-shield-alt\" viewBox=\"0 0 512 512\" xmlns=\"http:\/\/www.w3.org\/2000\/svg\"><path d=\"M466.5 83.7l-192-80a48.15 48.15 0 0 0-36.9 0l-192 80C27.7 91.1 16 108.6 16 128c0 198.5 114.5 335.7 221.5 380.3 11.8 4.9 25.1 4.9 36.9 0C360.1 472.6 496 349.3 496 128c0-19.4-11.7-36.9-29.5-44.3zM256.1 446.3l-.1-381 175.9 73.3c-3.3 151.4-82.1 261.1-175.8 307.7z\"><\/path><\/svg>\t        <\/div>\r\n\t        \t        <div class=\"ot-icon-box__content\">\r\n\t        \t<h3 class=\"icon-box-title\">Ciberseguretat<\/h3>\t\t\t\t<p class=\"icon-box-des\">Protecci\u00f3 avan\u00e7ada\ncontra riscos digitals.<\/p>\t\t\t\t\t\t\t<\/div>\t\r\n\t    <\/div>\r\n\t    \t\t\t\t<\/div>\n\t\t\t\t<\/div>\n\t\t\t\t\t<\/div>\n\t\t\t\t<\/div>\n\t\t<div class=\"elementor-element elementor-element-9f91e07 e-flex e-con-boxed e-con e-parent\" data-id=\"9f91e07\" data-element_type=\"container\" data-e-type=\"container\">\n\t\t\t\t\t<div class=\"e-con-inner\">\n\t\t\t\t<div class=\"elementor-element elementor-element-930533d elementor-align-center elementor-widget elementor-widget-ibutton\" data-id=\"930533d\" data-element_type=\"widget\" data-e-type=\"widget\" data-widget_type=\"ibutton.default\">\n\t\t\t\t<div class=\"elementor-widget-container\">\n\t\t\t\t\t\t\t<div class=\"ot-button\">\r\n\t\t\t<a href=\"https:\/\/epic.es\/\" class=\"octf-btn octf-btn-primary\">Visita Epic Solutions<\/a>\r\n\t    <\/div>\r\n\t    \t\t\t\t<\/div>\n\t\t\t\t<\/div>\n\t\t\t\t\t<\/div>\n\t\t\t\t<\/div>\n\t\t\t\t<\/div>\n\t\t","protected":false},"excerpt":{"rendered":"<p>Busques ajuda sobre Fortnite o Epic Games? Aix\u00f2 \u00e9s Epic Solutions, experts en tecnologia i solucions per a empreses. NI TENIM CAP MENA DE RELACI\u00d3 AMB FORTNITE O AMB QUALSEVOL PRODUCTE RELACIONAT Coneix EPIC SOLUTIONS CONTACTA AMB EPIC GAMES Truca a Epic Games Web Epic Games QU\u00c8 OFERIM? Conectivitat Solucions d&#8217;internet i telefonia per a [&hellip;]<\/p>\n","protected":false},"author":1,"featured_media":0,"parent":0,"menu_order":0,"comment_status":"closed","ping_status":"closed","template":"","meta":{"footnotes":""},"class_list":["post-13182","page","type-page","status-publish","hentry"],"yoast_head":"<!-- This site is optimized with the Yoast SEO plugin v27.1.1 - https:\/\/yoast.com\/product\/yoast-seo-wordpress\/ -->\n<title>Busques ajuda sobre Fortnite o Epic Games? - Epic<\/title>\n<meta name=\"robots\" content=\"index, follow, max-snippet:-1, max-image-preview:large, max-video-preview:-1\" \/>\n<link rel=\"canonical\" href=\"https:\/\/epic.cat\/busques-ajuda-sobre-fortnite-o-epic-games\/\" \/>\n<meta property=\"og:locale\" content=\"ca_ES\" \/>\n<meta property=\"og:type\" content=\"article\" \/>\n<meta property=\"og:title\" content=\"Busques ajuda sobre Fortnite o Epic Games? - Epic\" \/>\n<meta property=\"og:description\" content=\"Busques ajuda sobre Fortnite o Epic Games? Aix\u00f2 \u00e9s Epic Solutions, experts en tecnologia i solucions per a empreses. NI TENIM CAP MENA DE RELACI\u00d3 AMB FORTNITE O AMB QUALSEVOL PRODUCTE RELACIONAT Coneix EPIC SOLUTIONS CONTACTA AMB EPIC GAMES Truca a Epic Games Web Epic Games QU\u00c8 OFERIM? Conectivitat Solucions d&#8217;internet i telefonia per a [&hellip;]\" \/>\n<meta property=\"og:url\" content=\"https:\/\/epic.cat\/busques-ajuda-sobre-fortnite-o-epic-games\/\" \/>\n<meta property=\"og:site_name\" content=\"Epic\" \/>\n<meta property=\"article:modified_time\" content=\"2026-03-13T06:57:43+00:00\" \/>\n<meta property=\"og:image\" content=\"https:\/\/epic.es\/wp-content\/uploads\/2025\/03\/epic-white.webp\" \/>\n\t<meta property=\"og:image:width\" content=\"435\" \/>\n\t<meta property=\"og:image:height\" content=\"165\" \/>\n\t<meta property=\"og:image:type\" content=\"image\/webp\" \/>\n<meta name=\"twitter:card\" content=\"summary_large_image\" \/>\n<meta name=\"twitter:label1\" content=\"Temps estimat de lectura\" \/>\n\t<meta name=\"twitter:data1\" content=\"1 minut\" \/>\n<script type=\"application\/ld+json\" class=\"yoast-schema-graph\">{\"@context\":\"https:\/\/schema.org\",\"@graph\":[{\"@type\":\"WebPage\",\"@id\":\"https:\/\/epic.cat\/busques-ajuda-sobre-fortnite-o-epic-games\/\",\"url\":\"https:\/\/epic.cat\/busques-ajuda-sobre-fortnite-o-epic-games\/\",\"name\":\"Busques ajuda sobre Fortnite o Epic Games? - Epic\",\"isPartOf\":{\"@id\":\"https:\/\/epic.es\/#website\"},\"primaryImageOfPage\":{\"@id\":\"https:\/\/epic.cat\/busques-ajuda-sobre-fortnite-o-epic-games\/#primaryimage\"},\"image\":{\"@id\":\"https:\/\/epic.cat\/busques-ajuda-sobre-fortnite-o-epic-games\/#primaryimage\"},\"thumbnailUrl\":\"https:\/\/epic.es\/wp-content\/uploads\/2025\/03\/epic-white.webp\",\"datePublished\":\"2025-11-13T11:47:08+00:00\",\"dateModified\":\"2026-03-13T06:57:43+00:00\",\"breadcrumb\":{\"@id\":\"https:\/\/epic.cat\/busques-ajuda-sobre-fortnite-o-epic-games\/#breadcrumb\"},\"inLanguage\":\"ca\",\"potentialAction\":[{\"@type\":\"ReadAction\",\"target\":[\"https:\/\/epic.cat\/busques-ajuda-sobre-fortnite-o-epic-games\/\"]}]},{\"@type\":\"ImageObject\",\"inLanguage\":\"ca\",\"@id\":\"https:\/\/epic.cat\/busques-ajuda-sobre-fortnite-o-epic-games\/#primaryimage\",\"url\":\"https:\/\/epic.es\/wp-content\/uploads\/2025\/03\/epic-white.webp\",\"contentUrl\":\"https:\/\/epic.es\/wp-content\/uploads\/2025\/03\/epic-white.webp\"},{\"@type\":\"BreadcrumbList\",\"@id\":\"https:\/\/epic.cat\/busques-ajuda-sobre-fortnite-o-epic-games\/#breadcrumb\",\"itemListElement\":[{\"@type\":\"ListItem\",\"position\":1,\"name\":\"Home\",\"item\":\"https:\/\/epic.es\/ca\/\"},{\"@type\":\"ListItem\",\"position\":2,\"name\":\"Busques ajuda sobre Fortnite o Epic Games?\"}]},{\"@type\":\"WebSite\",\"@id\":\"https:\/\/epic.es\/#website\",\"url\":\"https:\/\/epic.es\/\",\"name\":\"Epic Inform\u00e0tica\",\"description\":\"Dise\u00f1o y Programaci\u00f3n web \u00b7 Realizamos todo tipo de dise\u00f1o y programaci\u00f3n web completamente a medida, webs corporativas, cms, tiendas on-line, hosting etc.\",\"publisher\":{\"@id\":\"https:\/\/epic.es\/#organization\"},\"potentialAction\":[{\"@type\":\"SearchAction\",\"target\":{\"@type\":\"EntryPoint\",\"urlTemplate\":\"https:\/\/epic.es\/?s={search_term_string}\"},\"query-input\":{\"@type\":\"PropertyValueSpecification\",\"valueRequired\":true,\"valueName\":\"search_term_string\"}}],\"inLanguage\":\"ca\"},{\"@type\":\"Organization\",\"@id\":\"https:\/\/epic.es\/#organization\",\"name\":\"Epic Solutions\",\"url\":\"https:\/\/epic.es\/\",\"logo\":{\"@type\":\"ImageObject\",\"inLanguage\":\"ca\",\"@id\":\"https:\/\/epic.es\/#\/schema\/logo\/image\/\",\"url\":\"https:\/\/epic.es\/wp-content\/uploads\/2025\/02\/epic-white.png\",\"contentUrl\":\"https:\/\/epic.es\/wp-content\/uploads\/2025\/02\/epic-white.png\",\"width\":435,\"height\":165,\"caption\":\"Epic Solutions\"},\"image\":{\"@id\":\"https:\/\/epic.es\/#\/schema\/logo\/image\/\"},\"sameAs\":[\"https:\/\/www.linkedin.com\/company\/epictelecom\/\"]}]}<\/script>\n<!-- \/ Yoast SEO plugin. -->","yoast_head_json":{"title":"Busques ajuda sobre Fortnite o Epic Games? - Epic","robots":{"index":"index","follow":"follow","max-snippet":"max-snippet:-1","max-image-preview":"max-image-preview:large","max-video-preview":"max-video-preview:-1"},"canonical":"https:\/\/epic.cat\/busques-ajuda-sobre-fortnite-o-epic-games\/","og_locale":"ca_ES","og_type":"article","og_title":"Busques ajuda sobre Fortnite o Epic Games? - Epic","og_description":"Busques ajuda sobre Fortnite o Epic Games? Aix\u00f2 \u00e9s Epic Solutions, experts en tecnologia i solucions per a empreses. NI TENIM CAP MENA DE RELACI\u00d3 AMB FORTNITE O AMB QUALSEVOL PRODUCTE RELACIONAT Coneix EPIC SOLUTIONS CONTACTA AMB EPIC GAMES Truca a Epic Games Web Epic Games QU\u00c8 OFERIM? Conectivitat Solucions d&#8217;internet i telefonia per a [&hellip;]","og_url":"https:\/\/epic.cat\/busques-ajuda-sobre-fortnite-o-epic-games\/","og_site_name":"Epic","article_modified_time":"2026-03-13T06:57:43+00:00","og_image":[{"width":435,"height":165,"url":"https:\/\/epic.es\/wp-content\/uploads\/2025\/03\/epic-white.webp","type":"image\/webp"}],"twitter_card":"summary_large_image","twitter_misc":{"Temps estimat de lectura":"1 minut"},"schema":{"@context":"https:\/\/schema.org","@graph":[{"@type":"WebPage","@id":"https:\/\/epic.cat\/busques-ajuda-sobre-fortnite-o-epic-games\/","url":"https:\/\/epic.cat\/busques-ajuda-sobre-fortnite-o-epic-games\/","name":"Busques ajuda sobre Fortnite o Epic Games? - Epic","isPartOf":{"@id":"https:\/\/epic.es\/#website"},"primaryImageOfPage":{"@id":"https:\/\/epic.cat\/busques-ajuda-sobre-fortnite-o-epic-games\/#primaryimage"},"image":{"@id":"https:\/\/epic.cat\/busques-ajuda-sobre-fortnite-o-epic-games\/#primaryimage"},"thumbnailUrl":"https:\/\/epic.es\/wp-content\/uploads\/2025\/03\/epic-white.webp","datePublished":"2025-11-13T11:47:08+00:00","dateModified":"2026-03-13T06:57:43+00:00","breadcrumb":{"@id":"https:\/\/epic.cat\/busques-ajuda-sobre-fortnite-o-epic-games\/#breadcrumb"},"inLanguage":"ca","potentialAction":[{"@type":"ReadAction","target":["https:\/\/epic.cat\/busques-ajuda-sobre-fortnite-o-epic-games\/"]}]},{"@type":"ImageObject","inLanguage":"ca","@id":"https:\/\/epic.cat\/busques-ajuda-sobre-fortnite-o-epic-games\/#primaryimage","url":"https:\/\/epic.es\/wp-content\/uploads\/2025\/03\/epic-white.webp","contentUrl":"https:\/\/epic.es\/wp-content\/uploads\/2025\/03\/epic-white.webp"},{"@type":"BreadcrumbList","@id":"https:\/\/epic.cat\/busques-ajuda-sobre-fortnite-o-epic-games\/#breadcrumb","itemListElement":[{"@type":"ListItem","position":1,"name":"Home","item":"https:\/\/epic.es\/ca\/"},{"@type":"ListItem","position":2,"name":"Busques ajuda sobre Fortnite o Epic Games?"}]},{"@type":"WebSite","@id":"https:\/\/epic.es\/#website","url":"https:\/\/epic.es\/","name":"Epic Inform\u00e0tica","description":"Dise\u00f1o y Programaci\u00f3n web \u00b7 Realizamos todo tipo de dise\u00f1o y programaci\u00f3n web completamente a medida, webs corporativas, cms, tiendas on-line, hosting etc.","publisher":{"@id":"https:\/\/epic.es\/#organization"},"potentialAction":[{"@type":"SearchAction","target":{"@type":"EntryPoint","urlTemplate":"https:\/\/epic.es\/?s={search_term_string}"},"query-input":{"@type":"PropertyValueSpecification","valueRequired":true,"valueName":"search_term_string"}}],"inLanguage":"ca"},{"@type":"Organization","@id":"https:\/\/epic.es\/#organization","name":"Epic Solutions","url":"https:\/\/epic.es\/","logo":{"@type":"ImageObject","inLanguage":"ca","@id":"https:\/\/epic.es\/#\/schema\/logo\/image\/","url":"https:\/\/epic.es\/wp-content\/uploads\/2025\/02\/epic-white.png","contentUrl":"https:\/\/epic.es\/wp-content\/uploads\/2025\/02\/epic-white.png","width":435,"height":165,"caption":"Epic Solutions"},"image":{"@id":"https:\/\/epic.es\/#\/schema\/logo\/image\/"},"sameAs":["https:\/\/www.linkedin.com\/company\/epictelecom\/"]}]}},"_links":{"self":[{"href":"https:\/\/epic.es\/ca\/wp-json\/wp\/v2\/pages\/13182","targetHints":{"allow":["GET"]}}],"collection":[{"href":"https:\/\/epic.es\/ca\/wp-json\/wp\/v2\/pages"}],"about":[{"href":"https:\/\/epic.es\/ca\/wp-json\/wp\/v2\/types\/page"}],"author":[{"embeddable":true,"href":"https:\/\/epic.es\/ca\/wp-json\/wp\/v2\/users\/1"}],"replies":[{"embeddable":true,"href":"https:\/\/epic.es\/ca\/wp-json\/wp\/v2\/comments?post=13182"}],"version-history":[{"count":4,"href":"https:\/\/epic.es\/ca\/wp-json\/wp\/v2\/pages\/13182\/revisions"}],"predecessor-version":[{"id":13305,"href":"https:\/\/epic.es\/ca\/wp-json\/wp\/v2\/pages\/13182\/revisions\/13305"}],"wp:attachment":[{"href":"https:\/\/epic.es\/ca\/wp-json\/wp\/v2\/media?parent=13182"}],"curies":[{"name":"wp","href":"https:\/\/api.w.org\/{rel}","templated":true}]}}