{"id":13190,"date":"2025-04-15T08:26:52","date_gmt":"2025-04-15T06:26:52","guid":{"rendered":"https:\/\/epic.es\/servicios\/"},"modified":"2026-03-13T11:47:00","modified_gmt":"2026-03-13T10:47:00","slug":"serveis","status":"publish","type":"page","link":"https:\/\/epic.es\/ca\/serveis\/","title":{"rendered":"Serveis"},"content":{"rendered":"\t\t<div data-elementor-type=\"wp-page\" data-elementor-id=\"13190\" class=\"elementor elementor-13190\">\n\t\t\t\t<div class=\"elementor-element elementor-element-905b11b e-flex e-con-boxed e-con e-parent\" data-id=\"905b11b\" data-element_type=\"container\" data-e-type=\"container\">\n\t\t\t\t\t<div class=\"e-con-inner\">\n\t\t\t\t<div class=\"elementor-element elementor-element-17ea968 elementor-widget elementor-widget-iheading\" data-id=\"17ea968\" data-element_type=\"widget\" data-e-type=\"widget\" data-widget_type=\"iheading.default\">\n\t\t\t\t<div class=\"elementor-widget-container\">\n\t\t\t\t\t\t\t<div class=\"ot-heading\">\r\n\t        <h2 class=\"main-heading\">Nuestros servicios<\/h2>\t    <\/div>\r\n\t    \t\t\t\t<\/div>\n\t\t\t\t<\/div>\n\t\t\t\t\t<\/div>\n\t\t\t\t<\/div>\n\t\t<div class=\"elementor-element elementor-element-14dcf3c services-general e-flex e-con-boxed e-con e-parent\" data-id=\"14dcf3c\" data-element_type=\"container\" data-e-type=\"container\">\n\t\t\t\t\t<div class=\"e-con-inner\">\n\t\t<div class=\"elementor-element elementor-element-c09f285 e-grid e-con-full e-con e-child\" data-id=\"c09f285\" data-element_type=\"container\" data-e-type=\"container\">\n\t\t\t\t<div class=\"elementor-element elementor-element-b610574 elementor-widget elementor-widget-iserv_box_2\" data-id=\"b610574\" data-element_type=\"widget\" data-e-type=\"widget\" data-widget_type=\"iserv_box_2.default\">\n\t\t\t\t<div class=\"elementor-widget-container\">\n\t\t\t\t\t\r\n\t\t<div class=\"serv-box-2 s2\">\r\n\t\t\t<span class=\"big-number\">01<\/span>\r\n\t\t\t<div class=\"icon-main\">\r\n\t\t        \t\t\t    \t\t        <span class=\"flaticon-electron\"><\/span>\t        <\/div>\r\n\t        <div class=\"content-box\">\r\n\t            <h5>Servicios en la Nube<\/h5>\r\n\t\t\t\t<div>Optimiza tus operaciones con nuestras soluciones de virtualizaci\u00f3n de servidores y almacenamiento en la nube. Monitorizaci\u00f3n de Red: Mant\u00e9n tu red segura y eficiente con nuestros servicios de monitorizaci\u00f3n y gesti\u00f3n de red.<\/div>\r\n\t\t\t\t<a href=\"\/servicios-en-la-nube\" class=\"btn-details\"><i class=\"flaticon-right-arrow-1\"><\/i> DESCUBRIR<\/a>\r\n\t        <\/div>\r\n\t    <\/div>\r\n\r\n\t    \t\t\t\t<\/div>\n\t\t\t\t<\/div>\n\t\t\t\t<div class=\"elementor-element elementor-element-71b4f00 elementor-widget elementor-widget-iserv_box_2\" data-id=\"71b4f00\" data-element_type=\"widget\" data-e-type=\"widget\" data-widget_type=\"iserv_box_2.default\">\n\t\t\t\t<div class=\"elementor-widget-container\">\n\t\t\t\t\t\r\n\t\t<div class=\"serv-box-2 s2\">\r\n\t\t\t<span class=\"big-number\">02<\/span>\r\n\t\t\t<div class=\"icon-main\">\r\n\t\t        \t\t\t    \t\t        <span class=\"flaticon-seo-and-web\"><\/span>\t        <\/div>\r\n\t        <div class=\"content-box\">\r\n\t            <h5>Asistencia Remota<\/h5>\r\n\t\t\t\t<div>Resuelve problemas t\u00e9cnicos r\u00e1pidamente con nuestro soporte remoto disponible 24\/7.<\/div>\r\n\t\t\t\t<a href=\"\/servicios-it-asistencia-remota\" class=\"btn-details\"><i class=\"flaticon-right-arrow-1\"><\/i> DESCUBRIR<\/a>\r\n\t        <\/div>\r\n\t    <\/div>\r\n\r\n\t    \t\t\t\t<\/div>\n\t\t\t\t<\/div>\n\t\t\t\t<div class=\"elementor-element elementor-element-55c0277 elementor-widget elementor-widget-iserv_box_2\" data-id=\"55c0277\" data-element_type=\"widget\" data-e-type=\"widget\" data-widget_type=\"iserv_box_2.default\">\n\t\t\t\t<div class=\"elementor-widget-container\">\n\t\t\t\t\t\r\n\t\t<div class=\"serv-box-2 s2\">\r\n\t\t\t<span class=\"big-number\">03<\/span>\r\n\t\t\t<div class=\"icon-main\">\r\n\t\t        \t\t\t    \t\t        <span class=\"flaticon-tablet\"><\/span>\t        <\/div>\r\n\t        <div class=\"content-box\">\r\n\t            <h5>Redes Inform\u00e1ticas<\/h5>\r\n\t\t\t\t<div>Dise\u00f1amos e instalamos redes inform\u00e1ticas robustas y seguras para tu empresa.<\/div>\r\n\t\t\t\t<a href=\"\/redes-informaticas\" class=\"btn-details\"><i class=\"flaticon-right-arrow-1\"><\/i> DESCUBRIR<\/a>\r\n\t        <\/div>\r\n\t    <\/div>\r\n\r\n\t    \t\t\t\t<\/div>\n\t\t\t\t<\/div>\n\t\t\t\t<div class=\"elementor-element elementor-element-dd6c23d elementor-widget elementor-widget-iserv_box_2\" data-id=\"dd6c23d\" data-element_type=\"widget\" data-e-type=\"widget\" data-widget_type=\"iserv_box_2.default\">\n\t\t\t\t<div class=\"elementor-widget-container\">\n\t\t\t\t\t\r\n\t\t<div class=\"serv-box-2 s2\">\r\n\t\t\t<span class=\"big-number\">04<\/span>\r\n\t\t\t<div class=\"icon-main\">\r\n\t\t        \t\t\t    \t\t        <span class=\"flaticon-data\"><\/span>\t        <\/div>\r\n\t        <div class=\"content-box\">\r\n\t            <h5>Desarrollo de Aplicaciones Web<\/h5>\r\n\t\t\t\t<div>Creamos aplicaciones web personalizadas que impulsan tu negocio y mejoran la experiencia del usuario<\/div>\r\n\t\t\t\t<a href=\"\/aplicaciones-web\" class=\"btn-details\"><i class=\"flaticon-right-arrow-1\"><\/i> DESCUBRIR<\/a>\r\n\t        <\/div>\r\n\t    <\/div>\r\n\r\n\t    \t\t\t\t<\/div>\n\t\t\t\t<\/div>\n\t\t\t\t<div class=\"elementor-element elementor-element-8fb0dbc elementor-widget elementor-widget-iserv_box_2\" data-id=\"8fb0dbc\" data-element_type=\"widget\" data-e-type=\"widget\" data-widget_type=\"iserv_box_2.default\">\n\t\t\t\t<div class=\"elementor-widget-container\">\n\t\t\t\t\t\r\n\t\t<div class=\"serv-box-2 s2\">\r\n\t\t\t<span class=\"big-number\">05<\/span>\r\n\t\t\t<div class=\"icon-main\">\r\n\t\t        \t\t\t    \t\t        <span class=\"flaticon-data-1\"><\/span>\t        <\/div>\r\n\t        <div class=\"content-box\">\r\n\t            <h5>Desarrollo de Aplicaciones M\u00f3viles<\/h5>\r\n\t\t\t\t<div>Desarrollamos aplicaciones m\u00f3viles innovadoras y funcionales para iOS y Android, adaptadas a tus necesidades espec\u00edficas.<\/div>\r\n\t\t\t\t<a href=\"\/aplicaciones-moviles\" class=\"btn-details\"><i class=\"flaticon-right-arrow-1\"><\/i> DESCUBRIR<\/a>\r\n\t        <\/div>\r\n\t    <\/div>\r\n\r\n\t    \t\t\t\t<\/div>\n\t\t\t\t<\/div>\n\t\t\t\t<div class=\"elementor-element elementor-element-3f4c8bc elementor-widget elementor-widget-iserv_box_2\" data-id=\"3f4c8bc\" data-element_type=\"widget\" data-e-type=\"widget\" data-widget_type=\"iserv_box_2.default\">\n\t\t\t\t<div class=\"elementor-widget-container\">\n\t\t\t\t\t\r\n\t\t<div class=\"serv-box-2 s2\">\r\n\t\t\t<span class=\"big-number\">06<\/span>\r\n\t\t\t<div class=\"icon-main\">\r\n\t\t        <svg aria-hidden=\"true\" class=\"e-font-icon-svg e-fas-baseball-ball\" viewBox=\"0 0 496 512\" xmlns=\"http:\/\/www.w3.org\/2000\/svg\"><path d=\"M368.5 363.9l28.8-13.9c11.1 22.9 26 43.2 44.1 60.9 34-42.5 54.5-96.3 54.5-154.9 0-58.5-20.4-112.2-54.2-154.6-17.8 17.3-32.6 37.1-43.6 59.5l-28.7-14.1c12.8-26 30-49 50.8-69C375.6 34.7 315 8 248 8 181.1 8 120.5 34.6 75.9 77.7c20.7 19.9 37.9 42.9 50.7 68.8l-28.7 14.1c-11-22.3-25.7-42.1-43.5-59.4C20.4 143.7 0 197.4 0 256c0 58.6 20.4 112.3 54.4 154.7 18.2-17.7 33.2-38 44.3-61l28.8 13.9c-12.9 26.7-30.3 50.3-51.5 70.7 44.5 43.1 105.1 69.7 172 69.7 66.8 0 127.3-26.5 171.9-69.5-21.1-20.4-38.5-43.9-51.4-70.6zm-228.3-32l-30.5-9.8c14.9-46.4 12.7-93.8-.6-134l30.4-10c15 45.6 18 99.9.7 153.8zm216.3-153.4l30.4 10c-13.2 40.1-15.5 87.5-.6 134l-30.5 9.8c-17.3-54-14.3-108.3.7-153.8z\"><\/path><\/svg>\t\t\t    \t\t        \t        <\/div>\r\n\t        <div class=\"content-box\">\r\n\t            <h5>Gesti\u00f3n Deportiva<\/h5>\r\n\t\t\t\t<div>Ofrecemos soluciones tecnol\u00f3gicas para la gesti\u00f3n eficiente de instalaciones y eventos deportivos.\n<\/div>\r\n\t\t\t\t<a href=\"\/gestion-deportiva\" class=\"btn-details\"><i class=\"flaticon-right-arrow-1\"><\/i> DESCUBRIR<\/a>\r\n\t        <\/div>\r\n\t    <\/div>\r\n\r\n\t    \t\t\t\t<\/div>\n\t\t\t\t<\/div>\n\t\t\t\t<\/div>\n\t\t\t\t\t<\/div>\n\t\t\t\t<\/div>\n\t\t<div class=\"elementor-element elementor-element-a3d22c1 services-general e-flex e-con-boxed e-con e-parent\" data-id=\"a3d22c1\" data-element_type=\"container\" data-e-type=\"container\">\n\t\t\t\t\t<div class=\"e-con-inner\">\n\t\t<div class=\"elementor-element elementor-element-af5496a e-grid e-con-full e-con e-child\" data-id=\"af5496a\" data-element_type=\"container\" data-e-type=\"container\">\n\t\t\t\t<div class=\"elementor-element elementor-element-1eb6429 elementor-widget elementor-widget-iserv_box_2\" data-id=\"1eb6429\" data-element_type=\"widget\" data-e-type=\"widget\" data-widget_type=\"iserv_box_2.default\">\n\t\t\t\t<div class=\"elementor-widget-container\">\n\t\t\t\t\t\r\n\t\t<div class=\"serv-box-2 s2\">\r\n\t\t\t<span class=\"big-number\">07<\/span>\r\n\t\t\t<div class=\"icon-main\">\r\n\t\t        \t\t\t    \t\t        <span class=\"flaticon-phone\"><\/span>\t        <\/div>\r\n\t        <div class=\"content-box\">\r\n\t            <h5>Internet y Telefon\u00eda para Particulares<\/h5>\r\n\t\t\t\t<div>Proporcionamos servicios de internet y telefon\u00eda de alta calidad para hogares<\/div>\r\n\t\t\t\t<a href=\"\/internet-y-telefonia-particulares\" class=\"btn-details\"><i class=\"flaticon-right-arrow-1\"><\/i> DESCUBRIR<\/a>\r\n\t        <\/div>\r\n\t    <\/div>\r\n\r\n\t    \t\t\t\t<\/div>\n\t\t\t\t<\/div>\n\t\t\t\t<div class=\"elementor-element elementor-element-5a000a1 elementor-widget elementor-widget-iserv_box_2\" data-id=\"5a000a1\" data-element_type=\"widget\" data-e-type=\"widget\" data-widget_type=\"iserv_box_2.default\">\n\t\t\t\t<div class=\"elementor-widget-container\">\n\t\t\t\t\t\r\n\t\t<div class=\"serv-box-2 s2\">\r\n\t\t\t<span class=\"big-number\">08<\/span>\r\n\t\t\t<div class=\"icon-main\">\r\n\t\t        \t\t\t    \t\t        <span class=\"flaticon-phone-1\"><\/span>\t        <\/div>\r\n\t        <div class=\"content-box\">\r\n\t            <h5>Internet y Telefon\u00eda para Empresas<\/h5>\r\n\t\t\t\t<div>Ofrecemos soluciones de comunicaci\u00f3n integrales para empresas, garantizando conectividad y eficiencia<\/div>\r\n\t\t\t\t<a href=\"\/internet-y-telefonia-empresas\" class=\"btn-details\"><i class=\"flaticon-right-arrow-1\"><\/i> DESCUBRIR<\/a>\r\n\t        <\/div>\r\n\t    <\/div>\r\n\r\n\t    \t\t\t\t<\/div>\n\t\t\t\t<\/div>\n\t\t\t\t<\/div>\n\t\t\t\t\t<\/div>\n\t\t\t\t<\/div>\n\t\t\t\t<section class=\"elementor-section elementor-top-section elementor-element elementor-element-f63a17d elementor-section-content-middle ot-traditional elementor-section-boxed elementor-section-height-default elementor-section-height-default\" data-id=\"f63a17d\" data-element_type=\"section\" data-e-type=\"section\" id=\"contacto\">\n\t\t\t\t\t\t<div class=\"elementor-container elementor-column-gap-extended\">\n\t\t\t\t\t<div class=\"elementor-column elementor-col-50 elementor-top-column elementor-element elementor-element-c0d17a0 ot-flex-column-vertical\" data-id=\"c0d17a0\" data-element_type=\"column\" data-e-type=\"column\" data-settings=\"{&quot;background_background&quot;:&quot;classic&quot;}\">\n\t\t\t<div class=\"elementor-widget-wrap elementor-element-populated\">\n\t\t\t\t\t\t<div class=\"elementor-element elementor-element-5d69828 elementor-widget elementor-widget-iheading\" data-id=\"5d69828\" data-element_type=\"widget\" data-e-type=\"widget\" data-widget_type=\"iheading.default\">\n\t\t\t\t<div class=\"elementor-widget-container\">\n\t\t\t\t\t\t\t<div class=\"ot-heading\">\r\n\t        \t            <span>\/\/ Detalles de contacto<\/span>\r\n\t        <h2 class=\"main-heading\">Contacto<\/h2>\t    <\/div>\r\n\t    \t\t\t\t<\/div>\n\t\t\t\t<\/div>\n\t\t\t\t<div class=\"elementor-element elementor-element-9fe4fb4 form-contact-info elementor-widget elementor-widget-icontact_info\" data-id=\"9fe4fb4\" data-element_type=\"widget\" data-e-type=\"widget\" data-widget_type=\"icontact_info.default\">\n\t\t\t\t<div class=\"elementor-widget-container\">\n\t\t\t\t\t\t\t\t\t\t    \t<div class=\"contact-info box-style1\">\r\n\t\t\t\t\t\t\t\t    \t\t        <i class=\"flaticon-world-globe\"><\/i>\t\t\t        <div class=\"info-text\">\r\n\t\t\t        \t<h6>Direcci\u00f3n:<\/h6>\r\n\t\t\t        \t<p><a href=\"https:\/\/www.google.com\/maps\/place\/\/data=!4m2!3m1!1s0x12a150ce6071b825:0xe07b07d6f5f50afe?sa=X&ved=1t:8290&hl=ca-ES&ictx=111\" aria-label=\"Abrir ubicaci\u00f3n en google maps\" target=\"_blank\">Av. Bellisens 42, Ed. Tecnoredesa (Oficina 113)<\/a><\/p>\r\n\t\t\t        <\/div>\r\n\t\t\t    <\/div>\r\n\t\t    \t    \t\t\t\t<\/div>\n\t\t\t\t<\/div>\n\t\t\t\t<div class=\"elementor-element elementor-element-81b4d38 form-contact-info elementor-widget elementor-widget-icontact_info\" data-id=\"81b4d38\" data-element_type=\"widget\" data-e-type=\"widget\" data-widget_type=\"icontact_info.default\">\n\t\t\t\t<div class=\"elementor-widget-container\">\n\t\t\t\t\t\t\t\t\t\t    \t<div class=\"contact-info box-style1\">\r\n\t\t\t\t\t\t\t\t    \t\t        <i class=\"flaticon-envelope\"><\/i>\t\t\t        <div class=\"info-text\">\r\n\t\t\t        \t<h6>Email:<\/h6>\r\n\t\t\t        \t<p><a href=\"mailto: comercial@epic.es\" aria-label=\"Enviar correo a comercial@epic.es\">comercial@epic.es<\/a><\/p>\r\n\t\t\t        <\/div>\r\n\t\t\t    <\/div>\r\n\t\t    \t    \t\t\t\t<\/div>\n\t\t\t\t<\/div>\n\t\t\t\t<div class=\"elementor-element elementor-element-3ba795f form-contact-info elementor-widget elementor-widget-icontact_info\" data-id=\"3ba795f\" data-element_type=\"widget\" data-e-type=\"widget\" data-widget_type=\"icontact_info.default\">\n\t\t\t\t<div class=\"elementor-widget-container\">\n\t\t\t\t\t\t\t\t\t\t    \t<div class=\"contact-info box-style1\">\r\n\t\t\t\t\t\t\t\t    \t\t        <i class=\"flaticon-phone-1\"><\/i>\t\t\t        <div class=\"info-text\">\r\n\t\t\t        \t<h6>Tel\u00e9fono:<\/h6>\r\n\t\t\t        \t<p><a href=\"tel:977756775\" aria-label=\"Llamar al 977 756 775\">(+34) 977 756 775<\/a>\n<\/p>\r\n\t\t\t        <\/div>\r\n\t\t\t    <\/div>\r\n\t\t    \t    \t\t\t\t<\/div>\n\t\t\t\t<\/div>\n\t\t\t\t\t<\/div>\n\t\t<\/div>\n\t\t\t\t<div class=\"elementor-column elementor-col-50 elementor-top-column elementor-element elementor-element-7691527 ot-flex-column-vertical\" data-id=\"7691527\" data-element_type=\"column\" data-e-type=\"column\">\n\t\t\t<div class=\"elementor-widget-wrap elementor-element-populated\">\n\t\t\t\t\t\t<div class=\"elementor-element elementor-element-3b671af elementor-widget elementor-widget-shortcode\" data-id=\"3b671af\" data-element_type=\"widget\" data-e-type=\"widget\" data-widget_type=\"shortcode.default\">\n\t\t\t\t<div class=\"elementor-widget-container\">\n\t\t\t\t\t\t\t<div class=\"elementor-shortcode\">\n<div class=\"wpcf7 no-js\" id=\"wpcf7-f1379-o1\" lang=\"en-US\" dir=\"ltr\" data-wpcf7-id=\"1379\">\n<div class=\"screen-reader-response\"><p role=\"status\" aria-live=\"polite\" aria-atomic=\"true\"><\/p> <ul><\/ul><\/div>\n<form action=\"\/ca\/wp-json\/wp\/v2\/pages\/13190#wpcf7-f1379-o1\" method=\"post\" class=\"wpcf7-form init\" aria-label=\"Contact form\" novalidate=\"novalidate\" data-status=\"init\">\n<fieldset class=\"hidden-fields-container\"><input type=\"hidden\" name=\"_wpcf7\" value=\"1379\" \/><input type=\"hidden\" name=\"_wpcf7_version\" value=\"6.1.5\" \/><input type=\"hidden\" name=\"_wpcf7_locale\" value=\"en_US\" \/><input type=\"hidden\" name=\"_wpcf7_unit_tag\" value=\"wpcf7-f1379-o1\" \/><input type=\"hidden\" name=\"_wpcf7_container_post\" value=\"0\" \/><input type=\"hidden\" name=\"_wpcf7_posted_data_hash\" value=\"\" \/><input type=\"hidden\" name=\"_wpcf7_recaptcha_response\" value=\"\" \/>\n<\/fieldset>\n<div class=\"main-form\">\n\t<h2>Contacta con nosotros\n\t<\/h2>\n\t<p class=\"font14\">Su direcci\u00f3n de Email no ser\u00e1 publicada. Los campos obligatorios est\u00e1n marcados con *\n\t<\/p>\n\t<p><span class=\"wpcf7-form-control-wrap\" data-name=\"your-name\"><input size=\"40\" maxlength=\"400\" class=\"wpcf7-form-control wpcf7-text wpcf7-validates-as-required\" aria-required=\"true\" aria-invalid=\"false\" placeholder=\"Nombre *\" value=\"\" type=\"text\" name=\"your-name\" \/><\/span>\n\t<\/p>\n\t<p><span class=\"wpcf7-form-control-wrap\" data-name=\"your-email\"><input size=\"40\" maxlength=\"400\" class=\"wpcf7-form-control wpcf7-email wpcf7-validates-as-required wpcf7-text wpcf7-validates-as-email\" aria-required=\"true\" aria-invalid=\"false\" placeholder=\"Email *\" value=\"\" type=\"email\" name=\"your-email\" \/><\/span>\n\t<\/p>\n\t<p><span class=\"wpcf7-form-control-wrap\" data-name=\"your-message\"><textarea cols=\"40\" rows=\"10\" maxlength=\"2000\" class=\"wpcf7-form-control wpcf7-textarea\" aria-invalid=\"false\" placeholder=\"Mensaje...\" name=\"your-message\"><\/textarea><\/span>\n\t<\/p>\n\t<p><span class=\"wpcf7-form-control-wrap\" data-name=\"your-consent\"><span class=\"wpcf7-form-control wpcf7-acceptance\"><span class=\"wpcf7-list-item\"><label><input type=\"checkbox\" name=\"your-consent\" value=\"1\" aria-invalid=\"false\" \/><span class=\"wpcf7-list-item-label\">He le\u00eddo y acepto la <a href=\"https:\/\/epic.es\/informe-de-clausulas\/\" target=\"_blank\">cl\u00e1usula de informaci\u00f3n sobre la Protecci\u00f3n de Datos<\/a><\/span><\/label><\/span><\/span><\/span>\n\t<\/p>\n\t<p><button type=\"submit\" class=\"octf-btn octf-btn-light\">Enviar mensaje<\/button>\n\t<\/p>\n<\/div><div class=\"wpcf7-response-output\" aria-hidden=\"true\"><\/div>\n<\/form>\n<\/div>\n<\/div>\n\t\t\t\t\t\t<\/div>\n\t\t\t\t<\/div>\n\t\t\t\t\t<\/div>\n\t\t<\/div>\n\t\t\t\t\t<\/div>\n\t\t<\/section>\n\t\t\t\t<\/div>\n\t\t","protected":false},"excerpt":{"rendered":"<p>Nuestros servicios 01 Servicios en la Nube Optimiza tus operaciones con nuestras soluciones de virtualizaci\u00f3n de servidores y almacenamiento en la nube. Monitorizaci\u00f3n de Red: Mant\u00e9n tu red segura y eficiente con nuestros servicios de monitorizaci\u00f3n y gesti\u00f3n de red. DESCUBRIR 02 Asistencia Remota Resuelve problemas t\u00e9cnicos r\u00e1pidamente con nuestro soporte remoto disponible 24\/7. DESCUBRIR [&hellip;]<\/p>\n","protected":false},"author":1,"featured_media":6237,"parent":0,"menu_order":0,"comment_status":"closed","ping_status":"closed","template":"","meta":{"footnotes":""},"class_list":["post-13190","page","type-page","status-publish","has-post-thumbnail","hentry"],"yoast_head":"<!-- This site is optimized with the Yoast SEO plugin v27.1.1 - https:\/\/yoast.com\/product\/yoast-seo-wordpress\/ -->\n<title>Serveis - Epic<\/title>\n<meta name=\"description\" content=\"Descubre nuestros servicios digitales: desarrollo web, apps m\u00f3viles, dise\u00f1o y m\u00e1s, adaptados a las necesidades de tu empresa\" \/>\n<meta name=\"robots\" content=\"index, follow, max-snippet:-1, max-image-preview:large, max-video-preview:-1\" \/>\n<link rel=\"canonical\" href=\"https:\/\/epic.es\/ca\/serveis\/\" \/>\n<meta property=\"og:locale\" content=\"ca_ES\" \/>\n<meta property=\"og:type\" content=\"article\" \/>\n<meta property=\"og:title\" content=\"Serveis - Epic\" \/>\n<meta property=\"og:description\" content=\"Descubre nuestros servicios digitales: desarrollo web, apps m\u00f3viles, dise\u00f1o y m\u00e1s, adaptados a las necesidades de tu empresa\" \/>\n<meta property=\"og:url\" content=\"https:\/\/epic.es\/ca\/serveis\/\" \/>\n<meta property=\"og:site_name\" content=\"Epic\" \/>\n<meta property=\"article:modified_time\" content=\"2026-03-13T10:47:00+00:00\" \/>\n<meta property=\"og:image\" content=\"https:\/\/epic.es\/wp-content\/uploads\/2025\/03\/epic-favicon.webp\" \/>\n\t<meta property=\"og:image:width\" content=\"236\" \/>\n\t<meta property=\"og:image:height\" content=\"237\" \/>\n\t<meta property=\"og:image:type\" content=\"image\/webp\" \/>\n<meta name=\"twitter:card\" content=\"summary_large_image\" \/>\n<meta name=\"twitter:label1\" content=\"Temps estimat de lectura\" \/>\n\t<meta name=\"twitter:data1\" content=\"1 minut\" \/>\n<script type=\"application\/ld+json\" class=\"yoast-schema-graph\">{\"@context\":\"https:\/\/schema.org\",\"@graph\":[{\"@type\":\"WebPage\",\"@id\":\"https:\/\/epic.es\/ca\/serveis\/\",\"url\":\"https:\/\/epic.es\/ca\/serveis\/\",\"name\":\"Serveis - Epic\",\"isPartOf\":{\"@id\":\"https:\/\/epic.es\/#website\"},\"primaryImageOfPage\":{\"@id\":\"https:\/\/epic.es\/ca\/serveis\/#primaryimage\"},\"image\":{\"@id\":\"https:\/\/epic.es\/ca\/serveis\/#primaryimage\"},\"thumbnailUrl\":\"https:\/\/epic.es\/wp-content\/uploads\/2025\/03\/epic-favicon.webp\",\"datePublished\":\"2025-04-15T06:26:52+00:00\",\"dateModified\":\"2026-03-13T10:47:00+00:00\",\"description\":\"Descubre nuestros servicios digitales: desarrollo web, apps m\u00f3viles, dise\u00f1o y m\u00e1s, adaptados a las necesidades de tu empresa\",\"breadcrumb\":{\"@id\":\"https:\/\/epic.es\/ca\/serveis\/#breadcrumb\"},\"inLanguage\":\"ca\",\"potentialAction\":[{\"@type\":\"ReadAction\",\"target\":[\"https:\/\/epic.es\/ca\/serveis\/\"]}]},{\"@type\":\"ImageObject\",\"inLanguage\":\"ca\",\"@id\":\"https:\/\/epic.es\/ca\/serveis\/#primaryimage\",\"url\":\"https:\/\/epic.es\/wp-content\/uploads\/2025\/03\/epic-favicon.webp\",\"contentUrl\":\"https:\/\/epic.es\/wp-content\/uploads\/2025\/03\/epic-favicon.webp\",\"width\":236,\"height\":237,\"caption\":\"Epic\"},{\"@type\":\"BreadcrumbList\",\"@id\":\"https:\/\/epic.es\/ca\/serveis\/#breadcrumb\",\"itemListElement\":[{\"@type\":\"ListItem\",\"position\":1,\"name\":\"Home\",\"item\":\"https:\/\/epic.es\/ca\/\"},{\"@type\":\"ListItem\",\"position\":2,\"name\":\"Serveis\"}]},{\"@type\":\"WebSite\",\"@id\":\"https:\/\/epic.es\/#website\",\"url\":\"https:\/\/epic.es\/\",\"name\":\"Epic Inform\u00e0tica\",\"description\":\"Dise\u00f1o y Programaci\u00f3n web \u00b7 Realizamos todo tipo de dise\u00f1o y programaci\u00f3n web completamente a medida, webs corporativas, cms, tiendas on-line, hosting etc.\",\"publisher\":{\"@id\":\"https:\/\/epic.es\/#organization\"},\"potentialAction\":[{\"@type\":\"SearchAction\",\"target\":{\"@type\":\"EntryPoint\",\"urlTemplate\":\"https:\/\/epic.es\/?s={search_term_string}\"},\"query-input\":{\"@type\":\"PropertyValueSpecification\",\"valueRequired\":true,\"valueName\":\"search_term_string\"}}],\"inLanguage\":\"ca\"},{\"@type\":\"Organization\",\"@id\":\"https:\/\/epic.es\/#organization\",\"name\":\"Epic Solutions\",\"url\":\"https:\/\/epic.es\/\",\"logo\":{\"@type\":\"ImageObject\",\"inLanguage\":\"ca\",\"@id\":\"https:\/\/epic.es\/#\/schema\/logo\/image\/\",\"url\":\"https:\/\/epic.es\/wp-content\/uploads\/2025\/02\/epic-white.png\",\"contentUrl\":\"https:\/\/epic.es\/wp-content\/uploads\/2025\/02\/epic-white.png\",\"width\":435,\"height\":165,\"caption\":\"Epic Solutions\"},\"image\":{\"@id\":\"https:\/\/epic.es\/#\/schema\/logo\/image\/\"},\"sameAs\":[\"https:\/\/www.linkedin.com\/company\/epictelecom\/\"]}]}<\/script>\n<!-- \/ Yoast SEO plugin. -->","yoast_head_json":{"title":"Serveis - Epic","description":"Descubre nuestros servicios digitales: desarrollo web, apps m\u00f3viles, dise\u00f1o y m\u00e1s, adaptados a las necesidades de tu empresa","robots":{"index":"index","follow":"follow","max-snippet":"max-snippet:-1","max-image-preview":"max-image-preview:large","max-video-preview":"max-video-preview:-1"},"canonical":"https:\/\/epic.es\/ca\/serveis\/","og_locale":"ca_ES","og_type":"article","og_title":"Serveis - Epic","og_description":"Descubre nuestros servicios digitales: desarrollo web, apps m\u00f3viles, dise\u00f1o y m\u00e1s, adaptados a las necesidades de tu empresa","og_url":"https:\/\/epic.es\/ca\/serveis\/","og_site_name":"Epic","article_modified_time":"2026-03-13T10:47:00+00:00","og_image":[{"width":236,"height":237,"url":"https:\/\/epic.es\/wp-content\/uploads\/2025\/03\/epic-favicon.webp","type":"image\/webp"}],"twitter_card":"summary_large_image","twitter_misc":{"Temps estimat de lectura":"1 minut"},"schema":{"@context":"https:\/\/schema.org","@graph":[{"@type":"WebPage","@id":"https:\/\/epic.es\/ca\/serveis\/","url":"https:\/\/epic.es\/ca\/serveis\/","name":"Serveis - Epic","isPartOf":{"@id":"https:\/\/epic.es\/#website"},"primaryImageOfPage":{"@id":"https:\/\/epic.es\/ca\/serveis\/#primaryimage"},"image":{"@id":"https:\/\/epic.es\/ca\/serveis\/#primaryimage"},"thumbnailUrl":"https:\/\/epic.es\/wp-content\/uploads\/2025\/03\/epic-favicon.webp","datePublished":"2025-04-15T06:26:52+00:00","dateModified":"2026-03-13T10:47:00+00:00","description":"Descubre nuestros servicios digitales: desarrollo web, apps m\u00f3viles, dise\u00f1o y m\u00e1s, adaptados a las necesidades de tu empresa","breadcrumb":{"@id":"https:\/\/epic.es\/ca\/serveis\/#breadcrumb"},"inLanguage":"ca","potentialAction":[{"@type":"ReadAction","target":["https:\/\/epic.es\/ca\/serveis\/"]}]},{"@type":"ImageObject","inLanguage":"ca","@id":"https:\/\/epic.es\/ca\/serveis\/#primaryimage","url":"https:\/\/epic.es\/wp-content\/uploads\/2025\/03\/epic-favicon.webp","contentUrl":"https:\/\/epic.es\/wp-content\/uploads\/2025\/03\/epic-favicon.webp","width":236,"height":237,"caption":"Epic"},{"@type":"BreadcrumbList","@id":"https:\/\/epic.es\/ca\/serveis\/#breadcrumb","itemListElement":[{"@type":"ListItem","position":1,"name":"Home","item":"https:\/\/epic.es\/ca\/"},{"@type":"ListItem","position":2,"name":"Serveis"}]},{"@type":"WebSite","@id":"https:\/\/epic.es\/#website","url":"https:\/\/epic.es\/","name":"Epic Inform\u00e0tica","description":"Dise\u00f1o y Programaci\u00f3n web \u00b7 Realizamos todo tipo de dise\u00f1o y programaci\u00f3n web completamente a medida, webs corporativas, cms, tiendas on-line, hosting etc.","publisher":{"@id":"https:\/\/epic.es\/#organization"},"potentialAction":[{"@type":"SearchAction","target":{"@type":"EntryPoint","urlTemplate":"https:\/\/epic.es\/?s={search_term_string}"},"query-input":{"@type":"PropertyValueSpecification","valueRequired":true,"valueName":"search_term_string"}}],"inLanguage":"ca"},{"@type":"Organization","@id":"https:\/\/epic.es\/#organization","name":"Epic Solutions","url":"https:\/\/epic.es\/","logo":{"@type":"ImageObject","inLanguage":"ca","@id":"https:\/\/epic.es\/#\/schema\/logo\/image\/","url":"https:\/\/epic.es\/wp-content\/uploads\/2025\/02\/epic-white.png","contentUrl":"https:\/\/epic.es\/wp-content\/uploads\/2025\/02\/epic-white.png","width":435,"height":165,"caption":"Epic Solutions"},"image":{"@id":"https:\/\/epic.es\/#\/schema\/logo\/image\/"},"sameAs":["https:\/\/www.linkedin.com\/company\/epictelecom\/"]}]}},"_links":{"self":[{"href":"https:\/\/epic.es\/ca\/wp-json\/wp\/v2\/pages\/13190","targetHints":{"allow":["GET"]}}],"collection":[{"href":"https:\/\/epic.es\/ca\/wp-json\/wp\/v2\/pages"}],"about":[{"href":"https:\/\/epic.es\/ca\/wp-json\/wp\/v2\/types\/page"}],"author":[{"embeddable":true,"href":"https:\/\/epic.es\/ca\/wp-json\/wp\/v2\/users\/1"}],"replies":[{"embeddable":true,"href":"https:\/\/epic.es\/ca\/wp-json\/wp\/v2\/comments?post=13190"}],"version-history":[{"count":1,"href":"https:\/\/epic.es\/ca\/wp-json\/wp\/v2\/pages\/13190\/revisions"}],"predecessor-version":[{"id":13367,"href":"https:\/\/epic.es\/ca\/wp-json\/wp\/v2\/pages\/13190\/revisions\/13367"}],"wp:featuredmedia":[{"embeddable":true,"href":"https:\/\/epic.es\/ca\/wp-json\/wp\/v2\/media\/6237"}],"wp:attachment":[{"href":"https:\/\/epic.es\/ca\/wp-json\/wp\/v2\/media?parent=13190"}],"curies":[{"name":"wp","href":"https:\/\/api.w.org\/{rel}","templated":true}]}}