{"id":13193,"date":"2025-03-04T10:29:06","date_gmt":"2025-03-04T09:29:06","guid":{"rendered":"https:\/\/epic.es\/informe-de-clausulas-kit-digital\/"},"modified":"2026-03-13T10:35:46","modified_gmt":"2026-03-13T09:35:46","slug":"informe-de-clausules-kit-digital","status":"publish","type":"page","link":"https:\/\/epic.es\/ca\/informe-de-clausules-kit-digital\/","title":{"rendered":"Informe de cl\u00e0usules Kit Digital"},"content":{"rendered":"\t\t<div data-elementor-type=\"wp-page\" data-elementor-id=\"13193\" class=\"elementor elementor-13193\">\n\t\t\t\t<div class=\"elementor-element elementor-element-ab43d8c rgpdue-table e-flex e-con-boxed e-con e-parent\" data-id=\"ab43d8c\" data-element_type=\"container\" data-e-type=\"container\">\n\t\t\t\t\t<div class=\"e-con-inner\">\n\t\t\t\t<div class=\"elementor-element elementor-element-fb7b630 elementor-widget elementor-widget-text-editor\" data-id=\"fb7b630\" data-element_type=\"widget\" data-e-type=\"widget\" data-widget_type=\"text-editor.default\">\n\t\t\t\t<div class=\"elementor-widget-container\">\n\t\t\t\t\t\t\t\t\t<table border=\"2\" cellspacing=\"3\" cellpadding=\"3\"><thead><tr><td class=\"table-title\" colspan=\"4\"><strong>3.1 Formulari 3 &#8211; Kit Digital<\/strong><\/td><\/tr><tr><td class=\"table-subtitle\" colspan=\"4\"><strong>Textos Legals Versi\u00f3 2 03-2025<\/strong><\/td><\/tr><tr><td class=\"table-subtitle\">Informaci\u00f3 addicional General<\/td><td class=\"table-content\" colspan=\"3\"><a href=\"\/informacion-adicional-rgpdue\/\">+info<br \/>general RGPDUE<\/a><\/td><\/tr><\/thead><tbody><tr><td class=\"table-title\" colspan=\"4\"><strong>PROTECCI\u00d3 DE DADES PERSONALS (Informaci\u00f3 b\u00e0sica)<\/strong><\/td><\/tr><tr><td class=\"table-subtitle\">Responsable del tractament<\/td><td class=\"table-content\" colspan=\"3\">Epic Solutions<\/td><\/tr><tr><td class=\"table-subtitle\">Finalitat del tractament<\/td><td class=\"table-content\" colspan=\"3\">Gestionar i tramitar la sol\u00b7licitud del kit digital, contactar amb el sol\u00b7licitant per proporcionar la informaci\u00f3 i l&#8217;acc\u00e9s als recursos relacionats.<\/td><\/tr><tr><td class=\"table-subtitle\">Base jur\u00eddica per al tractament<\/td><td class=\"table-content\" colspan=\"3\">El consentiment expr\u00e9s de l&#8217;usuari en enviar les dades personals a trav\u00e9s del formulari, i l&#8217;execuci\u00f3 de mesures necess\u00e0ries per a la sol\u00b7licitud del kit digital.<\/td><\/tr><tr><td class=\"table-subtitle\">Destinataris de les dades<\/td><td class=\"table-content\" colspan=\"3\">Les dades no seran cedides a tercers, llevat d&#8217;obligaci\u00f3 legal o en cas que la sol\u00b7licitud requereixi la col\u00b7laboraci\u00f3 amb altres entitats per a l&#8217;entrega del kit.<\/td><\/tr><tr><td class=\"table-subtitle\">Drets dels usuaris<\/td><td class=\"table-content\" colspan=\"3\">Accedir, rectificar, suprimir les dades, oposar-se al tractament, sol\u00b7licitar la limitaci\u00f3 del tractament i portabilitat de les dades.<\/td><\/tr><tr><td class=\"table-subtitle\">Periode de conservaci\u00f3<\/td><td class=\"table-content\" colspan=\"3\">Les dades es conservaran durant el temps necessari per processar la sol\u00b7licitud i per complir amb els requisits legals, i no seran guardades m\u00e9s enll\u00e0 de 12 mesos.<\/td><\/tr><tr><td class=\"table-subtitle\">Proced\u00e8ncia de les dades<\/td><td class=\"table-content\" colspan=\"3\">Les dades personals s\u00f3n proporcionades pel propi usuari en completar el formulari de sol\u00b7licitud del kit digital.<\/td><\/tr><\/tbody><\/table>\t\t\t\t\t\t\t\t<\/div>\n\t\t\t\t<\/div>\n\t\t\t\t\t<\/div>\n\t\t\t\t<\/div>\n\t\t\t\t<\/div>\n\t\t","protected":false},"excerpt":{"rendered":"<p>3.1 Formulari 3 &#8211; Kit Digital Textos Legals Versi\u00f3 2 03-2025 Informaci\u00f3 addicional General +infogeneral RGPDUE PROTECCI\u00d3 DE DADES PERSONALS (Informaci\u00f3 b\u00e0sica) Responsable del tractament Epic Solutions Finalitat del tractament Gestionar i tramitar la sol\u00b7licitud del kit digital, contactar amb el sol\u00b7licitant per proporcionar la informaci\u00f3 i l&#8217;acc\u00e9s als recursos relacionats. Base jur\u00eddica per al [&hellip;]<\/p>\n","protected":false},"author":1,"featured_media":6237,"parent":0,"menu_order":0,"comment_status":"closed","ping_status":"closed","template":"","meta":{"footnotes":""},"class_list":["post-13193","page","type-page","status-publish","has-post-thumbnail","hentry"],"yoast_head":"<!-- This site is optimized with the Yoast SEO plugin v27.1.1 - https:\/\/yoast.com\/product\/yoast-seo-wordpress\/ -->\n<title>Informe de cl\u00e0usules Kit Digital - Epic<\/title>\n<meta name=\"robots\" content=\"noindex, nofollow\" \/>\n<meta property=\"og:locale\" content=\"ca_ES\" \/>\n<meta property=\"og:type\" content=\"article\" \/>\n<meta property=\"og:title\" content=\"Informe de cl\u00e0usules Kit Digital - Epic\" \/>\n<meta property=\"og:description\" content=\"3.1 Formulari 3 &#8211; Kit Digital Textos Legals Versi\u00f3 2 03-2025 Informaci\u00f3 addicional General +infogeneral RGPDUE PROTECCI\u00d3 DE DADES PERSONALS (Informaci\u00f3 b\u00e0sica) Responsable del tractament Epic Solutions Finalitat del tractament Gestionar i tramitar la sol\u00b7licitud del kit digital, contactar amb el sol\u00b7licitant per proporcionar la informaci\u00f3 i l&#8217;acc\u00e9s als recursos relacionats. Base jur\u00eddica per al [&hellip;]\" \/>\n<meta property=\"og:url\" content=\"https:\/\/epic.es\/ca\/informe-de-clausules-kit-digital\/\" \/>\n<meta property=\"og:site_name\" content=\"Epic\" \/>\n<meta property=\"article:modified_time\" content=\"2026-03-13T09:35:46+00:00\" \/>\n<meta property=\"og:image\" content=\"https:\/\/epic.es\/wp-content\/uploads\/2025\/03\/epic-favicon.webp\" \/>\n\t<meta property=\"og:image:width\" content=\"236\" \/>\n\t<meta property=\"og:image:height\" content=\"237\" \/>\n\t<meta property=\"og:image:type\" content=\"image\/webp\" \/>\n<meta name=\"twitter:card\" content=\"summary_large_image\" \/>\n<meta name=\"twitter:label1\" content=\"Temps estimat de lectura\" \/>\n\t<meta name=\"twitter:data1\" content=\"1 minut\" \/>\n<script type=\"application\/ld+json\" class=\"yoast-schema-graph\">{\"@context\":\"https:\/\/schema.org\",\"@graph\":[{\"@type\":\"WebPage\",\"@id\":\"https:\/\/epic.es\/ca\/informe-de-clausules-kit-digital\/\",\"url\":\"https:\/\/epic.es\/ca\/informe-de-clausules-kit-digital\/\",\"name\":\"Informe de cl\u00e0usules Kit Digital - Epic\",\"isPartOf\":{\"@id\":\"https:\/\/epic.es\/#website\"},\"primaryImageOfPage\":{\"@id\":\"https:\/\/epic.es\/ca\/informe-de-clausules-kit-digital\/#primaryimage\"},\"image\":{\"@id\":\"https:\/\/epic.es\/ca\/informe-de-clausules-kit-digital\/#primaryimage\"},\"thumbnailUrl\":\"https:\/\/epic.es\/wp-content\/uploads\/2025\/03\/epic-favicon.webp\",\"datePublished\":\"2025-03-04T09:29:06+00:00\",\"dateModified\":\"2026-03-13T09:35:46+00:00\",\"breadcrumb\":{\"@id\":\"https:\/\/epic.es\/ca\/informe-de-clausules-kit-digital\/#breadcrumb\"},\"inLanguage\":\"ca\",\"potentialAction\":[{\"@type\":\"ReadAction\",\"target\":[\"https:\/\/epic.es\/ca\/informe-de-clausules-kit-digital\/\"]}]},{\"@type\":\"ImageObject\",\"inLanguage\":\"ca\",\"@id\":\"https:\/\/epic.es\/ca\/informe-de-clausules-kit-digital\/#primaryimage\",\"url\":\"https:\/\/epic.es\/wp-content\/uploads\/2025\/03\/epic-favicon.webp\",\"contentUrl\":\"https:\/\/epic.es\/wp-content\/uploads\/2025\/03\/epic-favicon.webp\",\"width\":236,\"height\":237,\"caption\":\"Epic\"},{\"@type\":\"BreadcrumbList\",\"@id\":\"https:\/\/epic.es\/ca\/informe-de-clausules-kit-digital\/#breadcrumb\",\"itemListElement\":[{\"@type\":\"ListItem\",\"position\":1,\"name\":\"Home\",\"item\":\"https:\/\/epic.es\/ca\/\"},{\"@type\":\"ListItem\",\"position\":2,\"name\":\"Informe de cl\u00e0usules Kit Digital\"}]},{\"@type\":\"WebSite\",\"@id\":\"https:\/\/epic.es\/#website\",\"url\":\"https:\/\/epic.es\/\",\"name\":\"Epic Inform\u00e0tica\",\"description\":\"Dise\u00f1o y Programaci\u00f3n web \u00b7 Realizamos todo tipo de dise\u00f1o y programaci\u00f3n web completamente a medida, webs corporativas, cms, tiendas on-line, hosting etc.\",\"publisher\":{\"@id\":\"https:\/\/epic.es\/#organization\"},\"potentialAction\":[{\"@type\":\"SearchAction\",\"target\":{\"@type\":\"EntryPoint\",\"urlTemplate\":\"https:\/\/epic.es\/?s={search_term_string}\"},\"query-input\":{\"@type\":\"PropertyValueSpecification\",\"valueRequired\":true,\"valueName\":\"search_term_string\"}}],\"inLanguage\":\"ca\"},{\"@type\":\"Organization\",\"@id\":\"https:\/\/epic.es\/#organization\",\"name\":\"Epic Solutions\",\"url\":\"https:\/\/epic.es\/\",\"logo\":{\"@type\":\"ImageObject\",\"inLanguage\":\"ca\",\"@id\":\"https:\/\/epic.es\/#\/schema\/logo\/image\/\",\"url\":\"https:\/\/epic.es\/wp-content\/uploads\/2025\/02\/epic-white.png\",\"contentUrl\":\"https:\/\/epic.es\/wp-content\/uploads\/2025\/02\/epic-white.png\",\"width\":435,\"height\":165,\"caption\":\"Epic Solutions\"},\"image\":{\"@id\":\"https:\/\/epic.es\/#\/schema\/logo\/image\/\"},\"sameAs\":[\"https:\/\/www.linkedin.com\/company\/epictelecom\/\"]}]}<\/script>\n<!-- \/ Yoast SEO plugin. -->","yoast_head_json":{"title":"Informe de cl\u00e0usules Kit Digital - Epic","robots":{"index":"noindex","follow":"nofollow"},"og_locale":"ca_ES","og_type":"article","og_title":"Informe de cl\u00e0usules Kit Digital - Epic","og_description":"3.1 Formulari 3 &#8211; Kit Digital Textos Legals Versi\u00f3 2 03-2025 Informaci\u00f3 addicional General +infogeneral RGPDUE PROTECCI\u00d3 DE DADES PERSONALS (Informaci\u00f3 b\u00e0sica) Responsable del tractament Epic Solutions Finalitat del tractament Gestionar i tramitar la sol\u00b7licitud del kit digital, contactar amb el sol\u00b7licitant per proporcionar la informaci\u00f3 i l&#8217;acc\u00e9s als recursos relacionats. Base jur\u00eddica per al [&hellip;]","og_url":"https:\/\/epic.es\/ca\/informe-de-clausules-kit-digital\/","og_site_name":"Epic","article_modified_time":"2026-03-13T09:35:46+00:00","og_image":[{"width":236,"height":237,"url":"https:\/\/epic.es\/wp-content\/uploads\/2025\/03\/epic-favicon.webp","type":"image\/webp"}],"twitter_card":"summary_large_image","twitter_misc":{"Temps estimat de lectura":"1 minut"},"schema":{"@context":"https:\/\/schema.org","@graph":[{"@type":"WebPage","@id":"https:\/\/epic.es\/ca\/informe-de-clausules-kit-digital\/","url":"https:\/\/epic.es\/ca\/informe-de-clausules-kit-digital\/","name":"Informe de cl\u00e0usules Kit Digital - Epic","isPartOf":{"@id":"https:\/\/epic.es\/#website"},"primaryImageOfPage":{"@id":"https:\/\/epic.es\/ca\/informe-de-clausules-kit-digital\/#primaryimage"},"image":{"@id":"https:\/\/epic.es\/ca\/informe-de-clausules-kit-digital\/#primaryimage"},"thumbnailUrl":"https:\/\/epic.es\/wp-content\/uploads\/2025\/03\/epic-favicon.webp","datePublished":"2025-03-04T09:29:06+00:00","dateModified":"2026-03-13T09:35:46+00:00","breadcrumb":{"@id":"https:\/\/epic.es\/ca\/informe-de-clausules-kit-digital\/#breadcrumb"},"inLanguage":"ca","potentialAction":[{"@type":"ReadAction","target":["https:\/\/epic.es\/ca\/informe-de-clausules-kit-digital\/"]}]},{"@type":"ImageObject","inLanguage":"ca","@id":"https:\/\/epic.es\/ca\/informe-de-clausules-kit-digital\/#primaryimage","url":"https:\/\/epic.es\/wp-content\/uploads\/2025\/03\/epic-favicon.webp","contentUrl":"https:\/\/epic.es\/wp-content\/uploads\/2025\/03\/epic-favicon.webp","width":236,"height":237,"caption":"Epic"},{"@type":"BreadcrumbList","@id":"https:\/\/epic.es\/ca\/informe-de-clausules-kit-digital\/#breadcrumb","itemListElement":[{"@type":"ListItem","position":1,"name":"Home","item":"https:\/\/epic.es\/ca\/"},{"@type":"ListItem","position":2,"name":"Informe de cl\u00e0usules Kit Digital"}]},{"@type":"WebSite","@id":"https:\/\/epic.es\/#website","url":"https:\/\/epic.es\/","name":"Epic Inform\u00e0tica","description":"Dise\u00f1o y Programaci\u00f3n web \u00b7 Realizamos todo tipo de dise\u00f1o y programaci\u00f3n web completamente a medida, webs corporativas, cms, tiendas on-line, hosting etc.","publisher":{"@id":"https:\/\/epic.es\/#organization"},"potentialAction":[{"@type":"SearchAction","target":{"@type":"EntryPoint","urlTemplate":"https:\/\/epic.es\/?s={search_term_string}"},"query-input":{"@type":"PropertyValueSpecification","valueRequired":true,"valueName":"search_term_string"}}],"inLanguage":"ca"},{"@type":"Organization","@id":"https:\/\/epic.es\/#organization","name":"Epic Solutions","url":"https:\/\/epic.es\/","logo":{"@type":"ImageObject","inLanguage":"ca","@id":"https:\/\/epic.es\/#\/schema\/logo\/image\/","url":"https:\/\/epic.es\/wp-content\/uploads\/2025\/02\/epic-white.png","contentUrl":"https:\/\/epic.es\/wp-content\/uploads\/2025\/02\/epic-white.png","width":435,"height":165,"caption":"Epic Solutions"},"image":{"@id":"https:\/\/epic.es\/#\/schema\/logo\/image\/"},"sameAs":["https:\/\/www.linkedin.com\/company\/epictelecom\/"]}]}},"_links":{"self":[{"href":"https:\/\/epic.es\/ca\/wp-json\/wp\/v2\/pages\/13193","targetHints":{"allow":["GET"]}}],"collection":[{"href":"https:\/\/epic.es\/ca\/wp-json\/wp\/v2\/pages"}],"about":[{"href":"https:\/\/epic.es\/ca\/wp-json\/wp\/v2\/types\/page"}],"author":[{"embeddable":true,"href":"https:\/\/epic.es\/ca\/wp-json\/wp\/v2\/users\/1"}],"replies":[{"embeddable":true,"href":"https:\/\/epic.es\/ca\/wp-json\/wp\/v2\/comments?post=13193"}],"version-history":[{"count":4,"href":"https:\/\/epic.es\/ca\/wp-json\/wp\/v2\/pages\/13193\/revisions"}],"predecessor-version":[{"id":13332,"href":"https:\/\/epic.es\/ca\/wp-json\/wp\/v2\/pages\/13193\/revisions\/13332"}],"wp:featuredmedia":[{"embeddable":true,"href":"https:\/\/epic.es\/ca\/wp-json\/wp\/v2\/media\/6237"}],"wp:attachment":[{"href":"https:\/\/epic.es\/ca\/wp-json\/wp\/v2\/media?parent=13193"}],"curies":[{"name":"wp","href":"https:\/\/api.w.org\/{rel}","templated":true}]}}