{"id":13197,"date":"2025-02-26T08:21:23","date_gmt":"2025-02-26T07:21:23","guid":{"rendered":"https:\/\/epic.es\/informacion-adicional-rgpdue\/"},"modified":"2026-03-13T08:58:03","modified_gmt":"2026-03-13T07:58:03","slug":"informacio-adicional-rgpdue","status":"publish","type":"page","link":"https:\/\/epic.es\/ca\/informacio-adicional-rgpdue\/","title":{"rendered":"Informaci\u00f3 Adicional RGPDUE"},"content":{"rendered":"\t\t<div data-elementor-type=\"wp-page\" data-elementor-id=\"13197\" class=\"elementor elementor-13197\">\n\t\t\t\t<div class=\"elementor-element elementor-element-e36416e rgpdue-table e-flex e-con-boxed e-con e-parent\" data-id=\"e36416e\" data-element_type=\"container\" data-e-type=\"container\">\n\t\t\t\t\t<div class=\"e-con-inner\">\n\t\t\t\t<div class=\"elementor-element elementor-element-3fbf2c4 elementor-widget elementor-widget-text-editor\" data-id=\"3fbf2c4\" data-element_type=\"widget\" data-e-type=\"widget\" data-widget_type=\"text-editor.default\">\n\t\t\t\t<div class=\"elementor-widget-container\">\n\t\t\t\t\t\t\t\t\t<table border=\"2\" cellspacing=\"3\" cellpadding=\"3\">\n<tbody>\n<tr>\n<td colspan=\"4\"><strong>PROTECCI\u00d3 DE DADES PERSONALS&nbsp; (Informaci\u00f3 adicional)<\/strong><\/td>\n<\/tr>\n<tr>\n<td colspan=\"2\" rowspan=\"3\"><b data-path-to-node=\"1\" data-index-in-node=\"0\">Responsable del tractament<\/b><\/td>\n<td><b>Dades de contacte del responsable:<br><\/b><\/td>\n<td><strong><br>EPIC SOLUTIONS, S.L<br><\/strong>&nbsp;Avinguda de Bellissens, 42 (Edificio TECNOREDESSA \u2013 Despacho 113)<br>43204 Reus (Tarragona), Tel. 977-756-775 &nbsp;epic.es<\/td>\n<\/tr>\n<tr>\n<td><b data-path-to-node=\"2\" data-index-in-node=\"0\">Dades de contacte del DPO<\/b><\/td>\n<td><a href=\"mailto:dpo@epic.es\">dpo@epic.es<\/a><\/td>\n<\/tr>\n<tr>\n<td><b data-path-to-node=\"3\" data-index-in-node=\"0\">Termini de conservaci\u00f3<\/b><\/td>\n<td>\n<p data-path-to-node=\"3\">La previsi\u00f3 legal que obliga a conservar-les per raons fiscals i comptables, i conservar-les per tenir-les a disposici\u00f3 d&#8217;una entitat p\u00fablica competent. No obstant aix\u00f2, podran conservar-se m\u00e9s temps amb fins d&#8217;arxiu hist\u00f2ric o estad\u00edstic, llevat que s&#8217;exerceixi oposici\u00f3 i\/o cancel\u00b7laci\u00f3.<\/p>\n<p data-path-to-node=\"4\">\n<\/p><\/td>\n<\/tr>\n<tr>\n<td colspan=\"2\" rowspan=\"6\">\n<p data-path-to-node=\"4\"><b data-path-to-node=\"4\" data-index-in-node=\"0\">Destinataris<\/b><\/p>\n<\/td>\n<td>Destinatari de la cessi\u00f3<\/td>\n<td>No es preveuen cessions de dades, excepte per previsi\u00f3 legal.<\/td>\n<\/tr>\n<tr>\n<td>Finalitat de la cessi\u00f3<\/td>\n<td>No es preveu cap cessi\u00f3.<\/td>\n<\/tr>\n<tr>\n<td>Legitimaci\u00f3 de la cessi\u00f3<\/td>\n<td>No es preveu cap cessi\u00f3.<\/td>\n<\/tr>\n<tr>\n<td>Moviments internacionals de dades<\/td>\n<td>\n<p data-path-to-node=\"6\">No es produeixen.<\/p>\n<p data-path-to-node=\"7\">\n<\/p><\/td>\n<\/tr>\n<tr>\n<td>Transfer\u00e8ncia internacional<\/td>\n<td>\n<p data-path-to-node=\"7\">No es produeixen.<\/p>\n<p data-path-to-node=\"8\">\n<\/p><\/td>\n<\/tr>\n<tr>\n<td>Encarregats de tractament<\/td>\n<td>Les dades podran ser cedides a prove\u00efdors amb acc\u00e9s a dades, amb qui es formalitzen les obligacions i responsabilitats que assumeixen en el tractament de les dades, en qualitat d&#8217;Encarregat de Tractament.<\/td>\n<\/tr>\n<tr>\n<td colspan=\"2\" rowspan=\"3\">Drets<\/td>\n<td>Quins drets t\u00e9?<\/td>\n<td>T\u00e9 dret a qu\u00e8 li confirmem si estem tractant dades seves. Dret a accedir a les seves dades, rectificar-les si s\u00f3n inexactes o suprimir-les particularment si ja no \u00e9s necessari tractar-les. En determinats casos podr\u00e0 sol\u00b7licitar la limitaci\u00f3 del tractament; en aquest cas les utilitzarem \u00fanicament per a l&#8217;exercici o defensa de reclamacions. En determinats casos podr\u00e0 oposar-se a qu\u00e8 tractem les seves dades i deixarem de tractar-les, llevat que motius leg\u00edtims imperiosos o l&#8217;exercici o defensa de possibles reclamacions ho impedeixin. Dret a revocar el consentiment.<\/td>\n<\/tr>\n<tr>\n<td>Com pot exercitar-los?<\/td>\n<td>Per exercitar els drets haur\u00e0 de presentar un escrit a l&#8217;adre\u00e7a dalt assenyalada o enviar un correu electr\u00f2nic a pd@epic.es. Haur\u00e0 d&#8217;especificar quin d&#8217;aquests drets sol\u00b7licita que sigui satisfet i, al seu torn, haur\u00e0 d&#8217;acompanyar-se de la fotoc\u00f2pia del DNI o document identificatiu equivalent. En cas que actu\u00e9s mitjan\u00e7ant representant, legal o voluntari, haur\u00e0 d&#8217;aportar tamb\u00e9 un document que acrediti la representaci\u00f3 i el document identificatiu del mateix. Si desitja disposar d&#8217;un model, podr\u00e0:<br>Utilitzar un model oficial de l&#8217;Ag\u00e8ncia:<br>http:\/\/www.agpd.es\/portalwebagpd\/canaldelciudadano\/derechos\/index-ides-idphp.php<br>Sol\u00b7licitar-nos un model: pd@epic.es.<\/td>\n<\/tr>\n<tr>\n<td>Possibilitat de reclamar davant l&#8217;AEPD<\/td>\n<td>Aix\u00ed mateix, l&#8217;informem que quan no hagi obtingut satisfacci\u00f3 en l&#8217;exercici dels seus drets o la forma d&#8217;exercir-los, podr\u00e0 presentar una reclamaci\u00f3 davant l&#8217;Autoritat de Control. Si desitja con\u00e8ixer m\u00e9s informaci\u00f3 sobre aquest dret i com exercir-lo, pot adre\u00e7ar-se a l&#8217;AEPD: http:\/\/www.agpd.es\/ Tel. 901 100 099 i 91 266 35 17. C\/ Jorge Juan, 6 28001-Madrid.<\/td>\n<\/tr>\n<\/tbody>\n<\/table>\t\t\t\t\t\t\t\t<\/div>\n\t\t\t\t<\/div>\n\t\t\t\t\t<\/div>\n\t\t\t\t<\/div>\n\t\t\t\t<\/div>\n\t\t","protected":false},"excerpt":{"rendered":"<p>PROTECCI\u00d3 DE DADES PERSONALS&nbsp; (Informaci\u00f3 adicional) Responsable del tractament Dades de contacte del responsable: EPIC SOLUTIONS, S.L&nbsp;Avinguda de Bellissens, 42 (Edificio TECNOREDESSA \u2013 Despacho 113)43204 Reus (Tarragona), Tel. 977-756-775 &nbsp;epic.es Dades de contacte del DPO dpo@epic.es Termini de conservaci\u00f3 La previsi\u00f3 legal que obliga a conservar-les per raons fiscals i comptables, i conservar-les per tenir-les [&hellip;]<\/p>\n","protected":false},"author":1,"featured_media":6237,"parent":0,"menu_order":0,"comment_status":"closed","ping_status":"closed","template":"","meta":{"footnotes":""},"class_list":["post-13197","page","type-page","status-publish","has-post-thumbnail","hentry"],"yoast_head":"<!-- This site is optimized with the Yoast SEO plugin v27.1.1 - https:\/\/yoast.com\/product\/yoast-seo-wordpress\/ -->\n<title>Informaci\u00f3 Adicional RGPDUE - Epic<\/title>\n<meta name=\"robots\" content=\"noindex, nofollow\" \/>\n<meta property=\"og:locale\" content=\"ca_ES\" \/>\n<meta property=\"og:type\" content=\"article\" \/>\n<meta property=\"og:title\" content=\"Informaci\u00f3 Adicional RGPDUE - Epic\" \/>\n<meta property=\"og:description\" content=\"PROTECCI\u00d3 DE DADES PERSONALS&nbsp; (Informaci\u00f3 adicional) Responsable del tractament Dades de contacte del responsable: EPIC SOLUTIONS, S.L&nbsp;Avinguda de Bellissens, 42 (Edificio TECNOREDESSA \u2013 Despacho 113)43204 Reus (Tarragona), Tel. 977-756-775 &nbsp;epic.es Dades de contacte del DPO dpo@epic.es Termini de conservaci\u00f3 La previsi\u00f3 legal que obliga a conservar-les per raons fiscals i comptables, i conservar-les per tenir-les [&hellip;]\" \/>\n<meta property=\"og:url\" content=\"https:\/\/epic.cat\/informacio-adicional-rgpdue\/\" \/>\n<meta property=\"og:site_name\" content=\"Epic\" \/>\n<meta property=\"article:modified_time\" content=\"2026-03-13T07:58:03+00:00\" \/>\n<meta property=\"og:image\" content=\"https:\/\/epic.cat\/wp-content\/uploads\/2025\/03\/epic-favicon.webp\" \/>\n\t<meta property=\"og:image:width\" content=\"236\" \/>\n\t<meta property=\"og:image:height\" content=\"237\" \/>\n\t<meta property=\"og:image:type\" content=\"image\/webp\" \/>\n<meta name=\"twitter:card\" content=\"summary_large_image\" \/>\n<meta name=\"twitter:label1\" content=\"Temps estimat de lectura\" \/>\n\t<meta name=\"twitter:data1\" content=\"3 minuts\" \/>\n<script type=\"application\/ld+json\" class=\"yoast-schema-graph\">{\"@context\":\"https:\/\/schema.org\",\"@graph\":[{\"@type\":\"WebPage\",\"@id\":\"https:\/\/epic.cat\/informacio-adicional-rgpdue\/\",\"url\":\"https:\/\/epic.cat\/informacio-adicional-rgpdue\/\",\"name\":\"Informaci\u00f3 Adicional RGPDUE - Epic\",\"isPartOf\":{\"@id\":\"https:\/\/epic.es\/#website\"},\"primaryImageOfPage\":{\"@id\":\"https:\/\/epic.cat\/informacio-adicional-rgpdue\/#primaryimage\"},\"image\":{\"@id\":\"https:\/\/epic.cat\/informacio-adicional-rgpdue\/#primaryimage\"},\"thumbnailUrl\":\"https:\/\/epic.es\/wp-content\/uploads\/2025\/03\/epic-favicon.webp\",\"datePublished\":\"2025-02-26T07:21:23+00:00\",\"dateModified\":\"2026-03-13T07:58:03+00:00\",\"breadcrumb\":{\"@id\":\"https:\/\/epic.cat\/informacio-adicional-rgpdue\/#breadcrumb\"},\"inLanguage\":\"ca\",\"potentialAction\":[{\"@type\":\"ReadAction\",\"target\":[\"https:\/\/epic.cat\/informacio-adicional-rgpdue\/\"]}]},{\"@type\":\"ImageObject\",\"inLanguage\":\"ca\",\"@id\":\"https:\/\/epic.cat\/informacio-adicional-rgpdue\/#primaryimage\",\"url\":\"https:\/\/epic.es\/wp-content\/uploads\/2025\/03\/epic-favicon.webp\",\"contentUrl\":\"https:\/\/epic.es\/wp-content\/uploads\/2025\/03\/epic-favicon.webp\",\"width\":236,\"height\":237,\"caption\":\"Epic\"},{\"@type\":\"BreadcrumbList\",\"@id\":\"https:\/\/epic.cat\/informacio-adicional-rgpdue\/#breadcrumb\",\"itemListElement\":[{\"@type\":\"ListItem\",\"position\":1,\"name\":\"Home\",\"item\":\"https:\/\/epic.es\/ca\/\"},{\"@type\":\"ListItem\",\"position\":2,\"name\":\"Informaci\u00f3 Adicional RGPDUE\"}]},{\"@type\":\"WebSite\",\"@id\":\"https:\/\/epic.es\/#website\",\"url\":\"https:\/\/epic.es\/\",\"name\":\"Epic Inform\u00e0tica\",\"description\":\"Dise\u00f1o y Programaci\u00f3n web \u00b7 Realizamos todo tipo de dise\u00f1o y programaci\u00f3n web completamente a medida, webs corporativas, cms, tiendas on-line, hosting etc.\",\"publisher\":{\"@id\":\"https:\/\/epic.es\/#organization\"},\"potentialAction\":[{\"@type\":\"SearchAction\",\"target\":{\"@type\":\"EntryPoint\",\"urlTemplate\":\"https:\/\/epic.es\/?s={search_term_string}\"},\"query-input\":{\"@type\":\"PropertyValueSpecification\",\"valueRequired\":true,\"valueName\":\"search_term_string\"}}],\"inLanguage\":\"ca\"},{\"@type\":\"Organization\",\"@id\":\"https:\/\/epic.es\/#organization\",\"name\":\"Epic Solutions\",\"url\":\"https:\/\/epic.es\/\",\"logo\":{\"@type\":\"ImageObject\",\"inLanguage\":\"ca\",\"@id\":\"https:\/\/epic.es\/#\/schema\/logo\/image\/\",\"url\":\"https:\/\/epic.es\/wp-content\/uploads\/2025\/02\/epic-white.png\",\"contentUrl\":\"https:\/\/epic.es\/wp-content\/uploads\/2025\/02\/epic-white.png\",\"width\":435,\"height\":165,\"caption\":\"Epic Solutions\"},\"image\":{\"@id\":\"https:\/\/epic.es\/#\/schema\/logo\/image\/\"},\"sameAs\":[\"https:\/\/www.linkedin.com\/company\/epictelecom\/\"]}]}<\/script>\n<!-- \/ Yoast SEO plugin. -->","yoast_head_json":{"title":"Informaci\u00f3 Adicional RGPDUE - Epic","robots":{"index":"noindex","follow":"nofollow"},"og_locale":"ca_ES","og_type":"article","og_title":"Informaci\u00f3 Adicional RGPDUE - Epic","og_description":"PROTECCI\u00d3 DE DADES PERSONALS&nbsp; (Informaci\u00f3 adicional) Responsable del tractament Dades de contacte del responsable: EPIC SOLUTIONS, S.L&nbsp;Avinguda de Bellissens, 42 (Edificio TECNOREDESSA \u2013 Despacho 113)43204 Reus (Tarragona), Tel. 977-756-775 &nbsp;epic.es Dades de contacte del DPO dpo@epic.es Termini de conservaci\u00f3 La previsi\u00f3 legal que obliga a conservar-les per raons fiscals i comptables, i conservar-les per tenir-les [&hellip;]","og_url":"https:\/\/epic.cat\/informacio-adicional-rgpdue\/","og_site_name":"Epic","article_modified_time":"2026-03-13T07:58:03+00:00","og_image":[{"width":236,"height":237,"url":"https:\/\/epic.cat\/wp-content\/uploads\/2025\/03\/epic-favicon.webp","type":"image\/webp"}],"twitter_card":"summary_large_image","twitter_misc":{"Temps estimat de lectura":"3 minuts"},"schema":{"@context":"https:\/\/schema.org","@graph":[{"@type":"WebPage","@id":"https:\/\/epic.cat\/informacio-adicional-rgpdue\/","url":"https:\/\/epic.cat\/informacio-adicional-rgpdue\/","name":"Informaci\u00f3 Adicional RGPDUE - Epic","isPartOf":{"@id":"https:\/\/epic.es\/#website"},"primaryImageOfPage":{"@id":"https:\/\/epic.cat\/informacio-adicional-rgpdue\/#primaryimage"},"image":{"@id":"https:\/\/epic.cat\/informacio-adicional-rgpdue\/#primaryimage"},"thumbnailUrl":"https:\/\/epic.es\/wp-content\/uploads\/2025\/03\/epic-favicon.webp","datePublished":"2025-02-26T07:21:23+00:00","dateModified":"2026-03-13T07:58:03+00:00","breadcrumb":{"@id":"https:\/\/epic.cat\/informacio-adicional-rgpdue\/#breadcrumb"},"inLanguage":"ca","potentialAction":[{"@type":"ReadAction","target":["https:\/\/epic.cat\/informacio-adicional-rgpdue\/"]}]},{"@type":"ImageObject","inLanguage":"ca","@id":"https:\/\/epic.cat\/informacio-adicional-rgpdue\/#primaryimage","url":"https:\/\/epic.es\/wp-content\/uploads\/2025\/03\/epic-favicon.webp","contentUrl":"https:\/\/epic.es\/wp-content\/uploads\/2025\/03\/epic-favicon.webp","width":236,"height":237,"caption":"Epic"},{"@type":"BreadcrumbList","@id":"https:\/\/epic.cat\/informacio-adicional-rgpdue\/#breadcrumb","itemListElement":[{"@type":"ListItem","position":1,"name":"Home","item":"https:\/\/epic.es\/ca\/"},{"@type":"ListItem","position":2,"name":"Informaci\u00f3 Adicional RGPDUE"}]},{"@type":"WebSite","@id":"https:\/\/epic.es\/#website","url":"https:\/\/epic.es\/","name":"Epic Inform\u00e0tica","description":"Dise\u00f1o y Programaci\u00f3n web \u00b7 Realizamos todo tipo de dise\u00f1o y programaci\u00f3n web completamente a medida, webs corporativas, cms, tiendas on-line, hosting etc.","publisher":{"@id":"https:\/\/epic.es\/#organization"},"potentialAction":[{"@type":"SearchAction","target":{"@type":"EntryPoint","urlTemplate":"https:\/\/epic.es\/?s={search_term_string}"},"query-input":{"@type":"PropertyValueSpecification","valueRequired":true,"valueName":"search_term_string"}}],"inLanguage":"ca"},{"@type":"Organization","@id":"https:\/\/epic.es\/#organization","name":"Epic Solutions","url":"https:\/\/epic.es\/","logo":{"@type":"ImageObject","inLanguage":"ca","@id":"https:\/\/epic.es\/#\/schema\/logo\/image\/","url":"https:\/\/epic.es\/wp-content\/uploads\/2025\/02\/epic-white.png","contentUrl":"https:\/\/epic.es\/wp-content\/uploads\/2025\/02\/epic-white.png","width":435,"height":165,"caption":"Epic Solutions"},"image":{"@id":"https:\/\/epic.es\/#\/schema\/logo\/image\/"},"sameAs":["https:\/\/www.linkedin.com\/company\/epictelecom\/"]}]}},"_links":{"self":[{"href":"https:\/\/epic.es\/ca\/wp-json\/wp\/v2\/pages\/13197","targetHints":{"allow":["GET"]}}],"collection":[{"href":"https:\/\/epic.es\/ca\/wp-json\/wp\/v2\/pages"}],"about":[{"href":"https:\/\/epic.es\/ca\/wp-json\/wp\/v2\/types\/page"}],"author":[{"embeddable":true,"href":"https:\/\/epic.es\/ca\/wp-json\/wp\/v2\/users\/1"}],"replies":[{"embeddable":true,"href":"https:\/\/epic.es\/ca\/wp-json\/wp\/v2\/comments?post=13197"}],"version-history":[{"count":7,"href":"https:\/\/epic.es\/ca\/wp-json\/wp\/v2\/pages\/13197\/revisions"}],"predecessor-version":[{"id":13320,"href":"https:\/\/epic.es\/ca\/wp-json\/wp\/v2\/pages\/13197\/revisions\/13320"}],"wp:featuredmedia":[{"embeddable":true,"href":"https:\/\/epic.es\/ca\/wp-json\/wp\/v2\/media\/6237"}],"wp:attachment":[{"href":"https:\/\/epic.es\/ca\/wp-json\/wp\/v2\/media?parent=13197"}],"curies":[{"name":"wp","href":"https:\/\/api.w.org\/{rel}","templated":true}]}}